{"id":8883,"date":"2023-07-27T12:45:33","date_gmt":"2023-07-27T15:45:33","guid":{"rendered":"https:\/\/www.vbdivulg.com\/?post_type=product&#038;p=8883"},"modified":"2023-07-27T16:02:50","modified_gmt":"2023-07-27T19:02:50","slug":"epson-multifuncional-ecotank-l3210-tanque-de-tinta-colorida-usb-bivolt","status":"publish","type":"product","link":"https:\/\/www.vbdivulg.com\/index.php\/produto\/epson-multifuncional-ecotank-l3210-tanque-de-tinta-colorida-usb-bivolt\/","title":{"rendered":"Epson, Multifuncional, EcoTank L3210 &#8211; Tanque de Tinta Colorida, USB, Bivolt"},"content":{"rendered":"","protected":false},"excerpt":{"rendered":"<p><strong>CORREEEEEEEEEE\u203c\ufe0f Normalmente custa mais de R$ 1000 \ud83d\ude31 MELHOR impressora<\/strong><\/p>\n<p><strong>Epson, Multifuncional, EcoTank L3210 &#8211; Tanque de Tinta Colorida, USB, Bivolt<\/strong><\/p>\n<p><strong>\ud83d\udd25R$ 686,90 em at\u00e9 10x<\/strong><\/p>\n<p><strong>\u26a0\ufe0f Oferta v\u00e1lida para hoje, 27\/07\/2023, podendo encerrar a qualquer momento!!!<\/strong><\/p>\n<p><strong>\u2712\ufe0f Seja prime, primeiro m\u00eas \u00e9 gr\u00e1tis e pode cancelar quando quiser (inclusive no primeiro m\u00eas): <a href=\"https:\/\/amzn.to\/3xyV8G9\">https:\/\/amzn.to\/3xyV8G9<\/a><\/strong><\/p>\n","protected":false},"featured_media":8884,"comment_status":"open","ping_status":"closed","template":"","meta":[],"class_list":{"0":"post-8883","1":"product","2":"type-product","3":"status-publish","4":"has-post-thumbnail","6":"product_cat-informatica","8":"first","9":"instock","10":"sale","11":"shipping-taxable","12":"product-type-external"},"_links":{"self":[{"href":"https:\/\/www.vbdivulg.com\/index.php\/wp-json\/wp\/v2\/product\/8883","targetHints":{"allow":["GET"]}}],"collection":[{"href":"https:\/\/www.vbdivulg.com\/index.php\/wp-json\/wp\/v2\/product"}],"about":[{"href":"https:\/\/www.vbdivulg.com\/index.php\/wp-json\/wp\/v2\/types\/product"}],"replies":[{"embeddable":true,"href":"https:\/\/www.vbdivulg.com\/index.php\/wp-json\/wp\/v2\/comments?post=8883"}],"wp:featuredmedia":[{"embeddable":true,"href":"https:\/\/www.vbdivulg.com\/index.php\/wp-json\/wp\/v2\/media\/8884"}],"wp:attachment":[{"href":"https:\/\/www.vbdivulg.com\/index.php\/wp-json\/wp\/v2\/media?parent=8883"}],"curies":[{"name":"wp","href":"https:\/\/api.w.org\/{rel}","templated":true}]}}