{"id":8894,"date":"2023-07-27T13:10:11","date_gmt":"2023-07-27T16:10:11","guid":{"rendered":"https:\/\/www.vbdivulg.com\/?post_type=product&#038;p=8894"},"modified":"2023-07-27T16:08:07","modified_gmt":"2023-07-27T19:08:07","slug":"garrafa-thermos-blue-funtainer-340-ml","status":"publish","type":"product","link":"https:\/\/www.vbdivulg.com\/index.php\/produto\/garrafa-thermos-blue-funtainer-340-ml\/","title":{"rendered":"Garrafa Thermos Blue Funtainer 340 ml"},"content":{"rendered":"","protected":false},"excerpt":{"rendered":"<p><strong>Garrafa Thermos Blue Funtainer 340 ml<\/strong><\/p>\n<p><strong>\ud83d\udd25 Por: R$ 84,08 em at\u00e9 2x<\/strong><\/p>\n<p><strong>\u26a0\ufe0f Oferta v\u00e1lida para hoje, 27\/07\/2023, podendo encerrar a qualquer momento!!!<\/strong><\/p>\n<p><strong>\u2712\ufe0f Seja prime, primeiro m\u00eas \u00e9 gr\u00e1tis e pode cancelar quando quiser (inclusive no primeiro m\u00eas): <a href=\"https:\/\/amzn.to\/3xyV8G9\">https:\/\/amzn.to\/3xyV8G9<\/a><\/strong><\/p>\n","protected":false},"featured_media":8895,"comment_status":"open","ping_status":"closed","template":"","meta":[],"class_list":{"0":"post-8894","1":"product","2":"type-product","3":"status-publish","4":"has-post-thumbnail","6":"product_cat-utilidades-domesticas","8":"first","9":"instock","10":"sale","11":"shipping-taxable","12":"product-type-external"},"_links":{"self":[{"href":"https:\/\/www.vbdivulg.com\/index.php\/wp-json\/wp\/v2\/product\/8894","targetHints":{"allow":["GET"]}}],"collection":[{"href":"https:\/\/www.vbdivulg.com\/index.php\/wp-json\/wp\/v2\/product"}],"about":[{"href":"https:\/\/www.vbdivulg.com\/index.php\/wp-json\/wp\/v2\/types\/product"}],"replies":[{"embeddable":true,"href":"https:\/\/www.vbdivulg.com\/index.php\/wp-json\/wp\/v2\/comments?post=8894"}],"wp:featuredmedia":[{"embeddable":true,"href":"https:\/\/www.vbdivulg.com\/index.php\/wp-json\/wp\/v2\/media\/8895"}],"wp:attachment":[{"href":"https:\/\/www.vbdivulg.com\/index.php\/wp-json\/wp\/v2\/media?parent=8894"}],"curies":[{"name":"wp","href":"https:\/\/api.w.org\/{rel}","templated":true}]}}