{"id":8914,"date":"2023-07-31T11:40:08","date_gmt":"2023-07-31T14:40:08","guid":{"rendered":"https:\/\/www.vbdivulg.com\/?post_type=product&#038;p=8914"},"modified":"2023-07-31T11:40:09","modified_gmt":"2023-07-31T14:40:09","slug":"frigobar-45l-branco-midea","status":"publish","type":"product","link":"https:\/\/www.vbdivulg.com\/index.php\/produto\/frigobar-45l-branco-midea\/","title":{"rendered":"Frigobar, 45L, Branco, Midea"},"content":{"rendered":"","protected":false},"excerpt":{"rendered":"<p><strong>COOORREEEEEEE Frigobar 45 Litros \u2757\ufe0f \u26a0\ufe0fVALOR APARECE NA TELA DE PAGAMENTO<\/strong><\/p>\n<p><strong>Frigobar, 45L, Branco, Midea<\/strong><\/p>\n<p><strong>\ud83d\udd25 R$ 559,20 em at\u00e9 10x<\/strong><\/p>\n<p><strong>\u26a0\ufe0f Oferta v\u00e1lida para hoje, 31\/07\/2023, podendo encerrar a qualquer momento!!!<\/strong><\/p>\n<p><strong>\u2712\ufe0f Seja prime, primeiro m\u00eas \u00e9 gr\u00e1tis e pode cancelar quando quiser (inclusive no primeiro m\u00eas): <a href=\"https:\/\/amzn.to\/3xyV8G9\">https:\/\/amzn.to\/3xyV8G9<\/a><\/strong><\/p>\n","protected":false},"featured_media":8915,"comment_status":"open","ping_status":"closed","template":"","meta":[],"class_list":{"0":"post-8914","1":"product","2":"type-product","3":"status-publish","4":"has-post-thumbnail","6":"product_cat-eletrodomesticos","8":"first","9":"instock","10":"sale","11":"shipping-taxable","12":"product-type-external"},"_links":{"self":[{"href":"https:\/\/www.vbdivulg.com\/index.php\/wp-json\/wp\/v2\/product\/8914","targetHints":{"allow":["GET"]}}],"collection":[{"href":"https:\/\/www.vbdivulg.com\/index.php\/wp-json\/wp\/v2\/product"}],"about":[{"href":"https:\/\/www.vbdivulg.com\/index.php\/wp-json\/wp\/v2\/types\/product"}],"replies":[{"embeddable":true,"href":"https:\/\/www.vbdivulg.com\/index.php\/wp-json\/wp\/v2\/comments?post=8914"}],"wp:featuredmedia":[{"embeddable":true,"href":"https:\/\/www.vbdivulg.com\/index.php\/wp-json\/wp\/v2\/media\/8915"}],"wp:attachment":[{"href":"https:\/\/www.vbdivulg.com\/index.php\/wp-json\/wp\/v2\/media?parent=8914"}],"curies":[{"name":"wp","href":"https:\/\/api.w.org\/{rel}","templated":true}]}}