{"id":8930,"date":"2023-07-31T12:28:34","date_gmt":"2023-07-31T15:28:34","guid":{"rendered":"https:\/\/www.vbdivulg.com\/?post_type=product&#038;p=8930"},"modified":"2023-07-31T12:28:34","modified_gmt":"2023-07-31T15:28:34","slug":"stanley-garrafa-go-the-quick-flip-go-de-700-ml","status":"publish","type":"product","link":"https:\/\/www.vbdivulg.com\/index.php\/produto\/stanley-garrafa-go-the-quick-flip-go-de-700-ml\/","title":{"rendered":"Stanley Garrafa Go The Quick Flip GO de 700 ml"},"content":{"rendered":"","protected":false},"excerpt":{"rendered":"<p><strong>PRE\u00c7\u00c3O, garrafa Stanley! Excelente qualidade<\/strong><\/p>\n<p><strong>Stanley Garrafa Go The Quick Flip GO de 700 ml<\/strong><\/p>\n<p><strong>\ud83d\udd25R$ 155,64 em at\u00e9 3x<\/strong><\/p>\n<p><strong>\u26a0\ufe0f Oferta v\u00e1lida para hoje, 31\/07\/2023, podendo encerrar a qualquer momento!!!<\/strong><\/p>\n<p><strong>\u2712\ufe0f Seja prime, primeiro m\u00eas \u00e9 gr\u00e1tis e pode cancelar quando quiser (inclusive no primeiro m\u00eas): <a href=\"https:\/\/amzn.to\/3xyV8G9\">https:\/\/amzn.to\/3xyV8G9<\/a><\/strong><\/p>\n","protected":false},"featured_media":8931,"comment_status":"open","ping_status":"closed","template":"","meta":[],"class_list":{"0":"post-8930","1":"product","2":"type-product","3":"status-publish","4":"has-post-thumbnail","6":"product_cat-esporte","8":"first","9":"instock","10":"sale","11":"shipping-taxable","12":"product-type-external"},"_links":{"self":[{"href":"https:\/\/www.vbdivulg.com\/index.php\/wp-json\/wp\/v2\/product\/8930","targetHints":{"allow":["GET"]}}],"collection":[{"href":"https:\/\/www.vbdivulg.com\/index.php\/wp-json\/wp\/v2\/product"}],"about":[{"href":"https:\/\/www.vbdivulg.com\/index.php\/wp-json\/wp\/v2\/types\/product"}],"replies":[{"embeddable":true,"href":"https:\/\/www.vbdivulg.com\/index.php\/wp-json\/wp\/v2\/comments?post=8930"}],"wp:featuredmedia":[{"embeddable":true,"href":"https:\/\/www.vbdivulg.com\/index.php\/wp-json\/wp\/v2\/media\/8931"}],"wp:attachment":[{"href":"https:\/\/www.vbdivulg.com\/index.php\/wp-json\/wp\/v2\/media?parent=8930"}],"curies":[{"name":"wp","href":"https:\/\/api.w.org\/{rel}","templated":true}]}}