{"id":8939,"date":"2023-08-30T09:40:12","date_gmt":"2023-08-30T12:40:12","guid":{"rendered":"https:\/\/www.vbdivulg.com\/?post_type=product&#038;p=8939"},"modified":"2023-08-30T09:43:45","modified_gmt":"2023-08-30T12:43:45","slug":"mouse-classic-box-optico-usb-1200dpi-preto-multilaser-mo300","status":"publish","type":"product","link":"https:\/\/www.vbdivulg.com\/index.php\/produto\/mouse-classic-box-optico-usb-1200dpi-preto-multilaser-mo300\/","title":{"rendered":"Mouse Classic Box \u00d3ptico USB 1200dpi Preto Multilaser &#8211; MO300"},"content":{"rendered":"","protected":false},"excerpt":{"rendered":"<p><strong>Mouse Classic Box \u00d3ptico USB 1200dpi Preto Multilaser &#8211; MO300<\/strong><\/p>\n<p><strong>\ud83d\udd25 Por: R$ 7,00 \u00e0 vista<\/strong><\/p>\n<p><strong>\u26a0\ufe0f Oferta v\u00e1lida para hoje, 30\/08\/2023, podendo encerrar a qualquer momento!!!<\/strong><\/p>\n<p><strong>\u2712\ufe0f Seja prime, primeiro m\u00eas \u00e9 gr\u00e1tis e pode cancelar quando quiser (inclusive no primeiro m\u00eas): <a href=\"https:\/\/amzn.to\/3xyV8G9\">https:\/\/amzn.to\/3xyV8G9<\/a><\/strong><\/p>\n","protected":false},"featured_media":8940,"comment_status":"open","ping_status":"closed","template":"","meta":[],"class_list":{"0":"post-8939","1":"product","2":"type-product","3":"status-publish","4":"has-post-thumbnail","6":"product_cat-informatica","8":"first","9":"instock","10":"sale","11":"shipping-taxable","12":"product-type-external"},"_links":{"self":[{"href":"https:\/\/www.vbdivulg.com\/index.php\/wp-json\/wp\/v2\/product\/8939","targetHints":{"allow":["GET"]}}],"collection":[{"href":"https:\/\/www.vbdivulg.com\/index.php\/wp-json\/wp\/v2\/product"}],"about":[{"href":"https:\/\/www.vbdivulg.com\/index.php\/wp-json\/wp\/v2\/types\/product"}],"replies":[{"embeddable":true,"href":"https:\/\/www.vbdivulg.com\/index.php\/wp-json\/wp\/v2\/comments?post=8939"}],"wp:featuredmedia":[{"embeddable":true,"href":"https:\/\/www.vbdivulg.com\/index.php\/wp-json\/wp\/v2\/media\/8940"}],"wp:attachment":[{"href":"https:\/\/www.vbdivulg.com\/index.php\/wp-json\/wp\/v2\/media?parent=8939"}],"curies":[{"name":"wp","href":"https:\/\/api.w.org\/{rel}","templated":true}]}}