{"id":8943,"date":"2023-08-30T09:45:52","date_gmt":"2023-08-30T12:45:52","guid":{"rendered":"https:\/\/www.vbdivulg.com\/?post_type=product&#038;p=8943"},"modified":"2023-08-30T09:46:03","modified_gmt":"2023-08-30T12:46:03","slug":"2022-smart-tv-lg-60-4k-uhd-60uq8050-wifi-bluetooth-hdr-nvidia-geforce-now-thinqai-smart-magic-google-alexa","status":"publish","type":"product","link":"https:\/\/www.vbdivulg.com\/index.php\/produto\/2022-smart-tv-lg-60-4k-uhd-60uq8050-wifi-bluetooth-hdr-nvidia-geforce-now-thinqai-smart-magic-google-alexa\/","title":{"rendered":"2022 Smart TV LG 60&#8242; 4K UHD 60UQ8050 WiFi Bluetooth HDR Nvidia GEFORCE NOW ThinQAI Smart Magic Google Alexa"},"content":{"rendered":"","protected":false},"excerpt":{"rendered":"<p><strong>BAIXOU \ud83d\udcfa TEL\u00c3O 60&#8243; 4K\u2757\ufe0f<\/strong><\/p>\n<p><strong>2022 Smart TV LG 60&#8242; 4K UHD 60UQ8050 WiFi Bluetooth HDR Nvidia GEFORCE NOW ThinQAI Smart Magic Google Alexa<\/strong><\/p>\n<p><strong>\ud83d\udd25 Por: R$ 2.811,05 \u00e0 vista<\/strong><br \/>\n<strong>\ud83d\udd25 Por: R$ 2.959,00 em at\u00e9 10x<\/strong><\/p>\n<p><strong>\u26a0\ufe0f Oferta v\u00e1lida para hoje, 30\/08\/2023, podendo encerrar a qualquer momento!!!<\/strong><\/p>\n<p><strong>\u2712\ufe0f Seja prime, primeiro m\u00eas \u00e9 gr\u00e1tis e pode cancelar quando quiser (inclusive no primeiro m\u00eas): <a href=\"https:\/\/amzn.to\/3xyV8G9\">https:\/\/amzn.to\/3xyV8G9<\/a><\/strong><\/p>\n","protected":false},"featured_media":8944,"comment_status":"open","ping_status":"closed","template":"","meta":[],"class_list":{"0":"post-8943","1":"product","2":"type-product","3":"status-publish","4":"has-post-thumbnail","6":"product_cat-smart-tv","8":"first","9":"instock","10":"sale","11":"shipping-taxable","12":"product-type-external"},"_links":{"self":[{"href":"https:\/\/www.vbdivulg.com\/index.php\/wp-json\/wp\/v2\/product\/8943","targetHints":{"allow":["GET"]}}],"collection":[{"href":"https:\/\/www.vbdivulg.com\/index.php\/wp-json\/wp\/v2\/product"}],"about":[{"href":"https:\/\/www.vbdivulg.com\/index.php\/wp-json\/wp\/v2\/types\/product"}],"replies":[{"embeddable":true,"href":"https:\/\/www.vbdivulg.com\/index.php\/wp-json\/wp\/v2\/comments?post=8943"}],"wp:featuredmedia":[{"embeddable":true,"href":"https:\/\/www.vbdivulg.com\/index.php\/wp-json\/wp\/v2\/media\/8944"}],"wp:attachment":[{"href":"https:\/\/www.vbdivulg.com\/index.php\/wp-json\/wp\/v2\/media?parent=8943"}],"curies":[{"name":"wp","href":"https:\/\/api.w.org\/{rel}","templated":true}]}}