{"id":8953,"date":"2023-09-03T11:45:24","date_gmt":"2023-09-03T14:45:24","guid":{"rendered":"https:\/\/www.vbdivulg.com\/?post_type=product&#038;p=8953"},"modified":"2023-09-03T11:45:24","modified_gmt":"2023-09-03T14:45:24","slug":"jogo-de-toalhas-felpuda-tecelagem-atlantica-eireli-luna-mar-mediterraneo-e-off-white-5-pecas","status":"publish","type":"product","link":"https:\/\/www.vbdivulg.com\/index.php\/produto\/jogo-de-toalhas-felpuda-tecelagem-atlantica-eireli-luna-mar-mediterraneo-e-off-white-5-pecas\/","title":{"rendered":"Jogo de Toalhas Felpuda Tecelagem Atl\u00e2ntica Eireli &#8211; Luna Mar Mediterr\u00e2neo e Off White 5 Pe\u00e7as"},"content":{"rendered":"","protected":false},"excerpt":{"rendered":"<p><strong>5 Pe\u00e7as\u2757\ufe0f<\/strong><\/p>\n<p><strong>Jogo de Toalhas Felpuda Tecelagem Atl\u00e2ntica Eireli &#8211; Luna Mar Mediterr\u00e2neo e Off White 5 Pe\u00e7as<\/strong><\/p>\n<p><strong>\ud83d\udd25 Por: R$ 68,50 \u00e0 vista<\/strong><\/p>\n<p><strong>\u26a0\ufe0f Oferta v\u00e1lida para hoje, 02\/09\/2023, podendo encerrar a qualquer momento!!!<\/strong><\/p>\n","protected":false},"featured_media":8954,"comment_status":"open","ping_status":"closed","template":"","meta":[],"class_list":{"0":"post-8953","1":"product","2":"type-product","3":"status-publish","4":"has-post-thumbnail","6":"product_cat-cama-mesa-e-banho","8":"first","9":"instock","10":"sale","11":"shipping-taxable","12":"product-type-external"},"_links":{"self":[{"href":"https:\/\/www.vbdivulg.com\/index.php\/wp-json\/wp\/v2\/product\/8953","targetHints":{"allow":["GET"]}}],"collection":[{"href":"https:\/\/www.vbdivulg.com\/index.php\/wp-json\/wp\/v2\/product"}],"about":[{"href":"https:\/\/www.vbdivulg.com\/index.php\/wp-json\/wp\/v2\/types\/product"}],"replies":[{"embeddable":true,"href":"https:\/\/www.vbdivulg.com\/index.php\/wp-json\/wp\/v2\/comments?post=8953"}],"wp:featuredmedia":[{"embeddable":true,"href":"https:\/\/www.vbdivulg.com\/index.php\/wp-json\/wp\/v2\/media\/8954"}],"wp:attachment":[{"href":"https:\/\/www.vbdivulg.com\/index.php\/wp-json\/wp\/v2\/media?parent=8953"}],"curies":[{"name":"wp","href":"https:\/\/api.w.org\/{rel}","templated":true}]}}