{"id":8960,"date":"2023-09-03T11:58:56","date_gmt":"2023-09-03T14:58:56","guid":{"rendered":"https:\/\/www.vbdivulg.com\/?post_type=product&#038;p=8960"},"modified":"2023-09-03T11:59:21","modified_gmt":"2023-09-03T14:59:21","slug":"jbl-caixa-de-som-bluetooth-go-preta","status":"publish","type":"product","link":"https:\/\/www.vbdivulg.com\/index.php\/produto\/jbl-caixa-de-som-bluetooth-go-preta\/","title":{"rendered":"JBL, Caixa de Som, Bluetooth, Go &#8211; Preta"},"content":{"rendered":"","protected":false},"excerpt":{"rendered":"<p><strong>Voltou\u2757\ufe0fQualidade JBL \ud83d\udd1d<\/strong><\/p>\n<p><strong>JBL, Caixa de Som, Bluetooth, Go &#8211; Preta<\/strong><\/p>\n<p><strong>\ud83d\udd25 R$ 159,99 parcelado<\/strong><\/p>\n<p><strong>\u26a0\ufe0f Oferta v\u00e1lida para hoje, 03\/09\/2023, podendo encerrar a qualquer momento!!!<\/strong><\/p>\n<p><strong>\u2712\ufe0f Seja prime, primeiro m\u00eas \u00e9 gr\u00e1tis e pode cancelar quando quiser (inclusive no primeiro m\u00eas): <a href=\"https:\/\/amzn.to\/3xyV8G9\">https:\/\/amzn.to\/3xyV8G9<\/a><\/strong><\/p>\n","protected":false},"featured_media":8961,"comment_status":"open","ping_status":"closed","template":"","meta":[],"class_list":{"0":"post-8960","1":"product","2":"type-product","3":"status-publish","4":"has-post-thumbnail","6":"product_cat-eletronicas-e-tecnologia","8":"first","9":"instock","10":"sale","11":"shipping-taxable","12":"product-type-external"},"_links":{"self":[{"href":"https:\/\/www.vbdivulg.com\/index.php\/wp-json\/wp\/v2\/product\/8960","targetHints":{"allow":["GET"]}}],"collection":[{"href":"https:\/\/www.vbdivulg.com\/index.php\/wp-json\/wp\/v2\/product"}],"about":[{"href":"https:\/\/www.vbdivulg.com\/index.php\/wp-json\/wp\/v2\/types\/product"}],"replies":[{"embeddable":true,"href":"https:\/\/www.vbdivulg.com\/index.php\/wp-json\/wp\/v2\/comments?post=8960"}],"wp:featuredmedia":[{"embeddable":true,"href":"https:\/\/www.vbdivulg.com\/index.php\/wp-json\/wp\/v2\/media\/8961"}],"wp:attachment":[{"href":"https:\/\/www.vbdivulg.com\/index.php\/wp-json\/wp\/v2\/media?parent=8960"}],"curies":[{"name":"wp","href":"https:\/\/api.w.org\/{rel}","templated":true}]}}