{"id":8963,"date":"2023-09-04T21:24:54","date_gmt":"2023-09-05T00:24:54","guid":{"rendered":"https:\/\/www.vbdivulg.com\/?post_type=product&#038;p=8963"},"modified":"2024-10-28T00:53:22","modified_gmt":"2024-10-28T03:53:22","slug":"fritadeira-sem-oleo-arno-air-fryer-ultra-42l-cinza-220v","status":"publish","type":"product","link":"https:\/\/www.vbdivulg.com\/index.php\/produto\/fritadeira-sem-oleo-arno-air-fryer-ultra-42l-cinza-220v\/","title":{"rendered":"Fritadeira sem \u00d3leo Arno, Air fryer Ultra 4,2L, Cinza, 220V"},"content":{"rendered":"","protected":false},"excerpt":{"rendered":"<p><strong>\ud83c\udf5f 4,2 Litros<\/strong><\/p>\n<p><strong>Fritadeira sem \u00d3leo Arno, Air fryer Ultra 4,2L, Cinza, 220V<\/strong><\/p>\n<p><strong>\ud83d\udd25 Por: R$ 499,00 em at\u00e9 9x<\/strong><\/p>\n<p><strong>\u26a0\ufe0f Oferta v\u00e1lida para hoje, 04\/09\/2023, podendo encerrar a qualquer momento!!!<\/strong><\/p>\n<p><strong>\u2712\ufe0f Seja prime, primeiro m\u00eas \u00e9 gr\u00e1tis e pode cancelar quando quiser (inclusive no primeiro m\u00eas): <a href=\"https:\/\/amzn.to\/3xyV8G9\">https:\/\/amzn.to\/3xyV8G9<\/a><\/strong><\/p>\n","protected":false},"featured_media":8964,"comment_status":"open","ping_status":"closed","template":"","meta":[],"class_list":{"0":"post-8963","1":"product","2":"type-product","3":"status-publish","4":"has-post-thumbnail","6":"product_cat-eletrodomesticos","8":"first","9":"instock","10":"sale","11":"shipping-taxable","12":"product-type-external"},"_links":{"self":[{"href":"https:\/\/www.vbdivulg.com\/index.php\/wp-json\/wp\/v2\/product\/8963","targetHints":{"allow":["GET"]}}],"collection":[{"href":"https:\/\/www.vbdivulg.com\/index.php\/wp-json\/wp\/v2\/product"}],"about":[{"href":"https:\/\/www.vbdivulg.com\/index.php\/wp-json\/wp\/v2\/types\/product"}],"replies":[{"embeddable":true,"href":"https:\/\/www.vbdivulg.com\/index.php\/wp-json\/wp\/v2\/comments?post=8963"}],"wp:featuredmedia":[{"embeddable":true,"href":"https:\/\/www.vbdivulg.com\/index.php\/wp-json\/wp\/v2\/media\/8964"}],"wp:attachment":[{"href":"https:\/\/www.vbdivulg.com\/index.php\/wp-json\/wp\/v2\/media?parent=8963"}],"curies":[{"name":"wp","href":"https:\/\/api.w.org\/{rel}","templated":true}]}}