{"id":8967,"date":"2023-09-04T21:30:50","date_gmt":"2023-09-05T00:30:50","guid":{"rendered":"https:\/\/www.vbdivulg.com\/?post_type=product&#038;p=8967"},"modified":"2023-09-04T21:30:50","modified_gmt":"2023-09-05T00:30:50","slug":"kit-absolut-repair-shampoo-para-reparacao-de-danos-300ml-mascara-de-tratamento-reparadora-250g-mascara-metal-detox-anti-deposito-de-metais-250g-loreal-professionnel","status":"publish","type":"product","link":"https:\/\/www.vbdivulg.com\/index.php\/produto\/kit-absolut-repair-shampoo-para-reparacao-de-danos-300ml-mascara-de-tratamento-reparadora-250g-mascara-metal-detox-anti-deposito-de-metais-250g-loreal-professionnel\/","title":{"rendered":"KIT Absolut Repair &#8211; Shampoo para repara\u00e7\u00e3o de danos 300ml + M\u00e1scara de tratamento reparadora 250g + M\u00e1scara Metal Detox anti-dep\u00f3sito de metais 250g | L&#8217;Or\u00e9al Professionnel"},"content":{"rendered":"","protected":false},"excerpt":{"rendered":"<p><strong>KIT Absolut Repair &#8211; Shampoo para repara\u00e7\u00e3o de danos 300ml + M\u00e1scara de tratamento reparadora 250g + M\u00e1scara Metal Detox anti-dep\u00f3sito de metais 250g | L&#8217;Or\u00e9al Professionnel<\/strong><\/p>\n<p><strong>\ud83d\udd25 Por: R$ 269,90 em at\u00e9 5x<\/strong><\/p>\n<p><strong>\u26a0\ufe0f Oferta v\u00e1lida para hoje, 04\/09\/2023, podendo encerrar a qualquer momento!!!<\/strong><\/p>\n<p><strong>\u2712\ufe0f Seja prime, primeiro m\u00eas \u00e9 gr\u00e1tis e pode cancelar quando quiser (inclusive no primeiro m\u00eas): <a href=\"https:\/\/amzn.to\/3xyV8G9\">https:\/\/amzn.to\/3xyV8G9<\/a><\/strong><\/p>\n","protected":false},"featured_media":8968,"comment_status":"open","ping_status":"closed","template":"","meta":[],"class_list":{"0":"post-8967","1":"product","2":"type-product","3":"status-publish","4":"has-post-thumbnail","6":"product_cat-beleza","8":"first","9":"instock","10":"sale","11":"shipping-taxable","12":"product-type-external"},"_links":{"self":[{"href":"https:\/\/www.vbdivulg.com\/index.php\/wp-json\/wp\/v2\/product\/8967","targetHints":{"allow":["GET"]}}],"collection":[{"href":"https:\/\/www.vbdivulg.com\/index.php\/wp-json\/wp\/v2\/product"}],"about":[{"href":"https:\/\/www.vbdivulg.com\/index.php\/wp-json\/wp\/v2\/types\/product"}],"replies":[{"embeddable":true,"href":"https:\/\/www.vbdivulg.com\/index.php\/wp-json\/wp\/v2\/comments?post=8967"}],"wp:featuredmedia":[{"embeddable":true,"href":"https:\/\/www.vbdivulg.com\/index.php\/wp-json\/wp\/v2\/media\/8968"}],"wp:attachment":[{"href":"https:\/\/www.vbdivulg.com\/index.php\/wp-json\/wp\/v2\/media?parent=8967"}],"curies":[{"name":"wp","href":"https:\/\/api.w.org\/{rel}","templated":true}]}}