{"id":8973,"date":"2023-09-04T21:38:00","date_gmt":"2023-09-05T00:38:00","guid":{"rendered":"https:\/\/www.vbdivulg.com\/?post_type=product&#038;p=8973"},"modified":"2023-09-04T21:38:23","modified_gmt":"2023-09-05T00:38:23","slug":"marmita-lunch-box-electrolux","status":"publish","type":"product","link":"https:\/\/www.vbdivulg.com\/index.php\/produto\/marmita-lunch-box-electrolux\/","title":{"rendered":"Marmita Lunch Box, Electrolux"},"content":{"rendered":"","protected":false},"excerpt":{"rendered":"<p><strong>Com 2 compartimentos empilh\u00e1veis \ud83c\udf71<\/strong><\/p>\n<p><strong>Marmita Lunch Box, Electrolux<\/strong><\/p>\n<p><strong>\ud83d\udd25 Por: R$ 29,31 \u00e0 vista<\/strong><\/p>\n<p><strong>\u26a0\ufe0f Oferta v\u00e1lida para hoje, 04\/09\/2023, podendo encerrar a qualquer momento!!!<\/strong><\/p>\n<p><strong>\u2712\ufe0f Seja prime, primeiro m\u00eas \u00e9 gr\u00e1tis e pode cancelar quando quiser (inclusive no primeiro m\u00eas): <a href=\"https:\/\/amzn.to\/3xyV8G9\">https:\/\/amzn.to\/3xyV8G9<\/a><\/strong><\/p>\n","protected":false},"featured_media":8974,"comment_status":"open","ping_status":"closed","template":"","meta":[],"class_list":{"0":"post-8973","1":"product","2":"type-product","3":"status-publish","4":"has-post-thumbnail","6":"product_cat-utilidades-domesticas","8":"first","9":"instock","10":"sale","11":"shipping-taxable","12":"product-type-external"},"_links":{"self":[{"href":"https:\/\/www.vbdivulg.com\/index.php\/wp-json\/wp\/v2\/product\/8973","targetHints":{"allow":["GET"]}}],"collection":[{"href":"https:\/\/www.vbdivulg.com\/index.php\/wp-json\/wp\/v2\/product"}],"about":[{"href":"https:\/\/www.vbdivulg.com\/index.php\/wp-json\/wp\/v2\/types\/product"}],"replies":[{"embeddable":true,"href":"https:\/\/www.vbdivulg.com\/index.php\/wp-json\/wp\/v2\/comments?post=8973"}],"wp:featuredmedia":[{"embeddable":true,"href":"https:\/\/www.vbdivulg.com\/index.php\/wp-json\/wp\/v2\/media\/8974"}],"wp:attachment":[{"href":"https:\/\/www.vbdivulg.com\/index.php\/wp-json\/wp\/v2\/media?parent=8973"}],"curies":[{"name":"wp","href":"https:\/\/api.w.org\/{rel}","templated":true}]}}