{"id":8985,"date":"2023-09-05T19:27:30","date_gmt":"2023-09-05T22:27:30","guid":{"rendered":"https:\/\/www.vbdivulg.com\/?post_type=product&#038;p=8985"},"modified":"2023-09-05T19:27:30","modified_gmt":"2023-09-05T22:27:30","slug":"smart-tv-crystal-50-4k-uhd-samsung-cu7700-alexa-built-in-samsung-gaming-hub","status":"publish","type":"product","link":"https:\/\/www.vbdivulg.com\/index.php\/produto\/smart-tv-crystal-50-4k-uhd-samsung-cu7700-alexa-built-in-samsung-gaming-hub\/","title":{"rendered":"Smart TV Crystal 50&#8243; 4K UHD Samsung CU7700 &#8211; Alexa built in, Samsung Gaming Hub"},"content":{"rendered":"","protected":false},"excerpt":{"rendered":"<p><strong>\ud83d\udcfa 50&#8243; Crystal 4K UHD\u2757\ufe0f<\/strong><\/p>\n<p><strong>Smart TV Crystal 50&#8243; 4K UHD Samsung CU7700 &#8211; Alexa built in, Samsung Gaming Hub<\/strong><\/p>\n<p><strong>\ud83d\udd25 Por: R$ 2.279,00 em at\u00e9 10x<\/strong><\/p>\n<p><strong>\u26a0\ufe0f Oferta v\u00e1lida para hoje, 05\/09\/2023, podendo encerrar a qualquer momento!!!<\/strong><\/p>\n<p><strong>\u2712\ufe0f Seja prime, primeiro m\u00eas \u00e9 gr\u00e1tis e pode cancelar quando quiser (inclusive no primeiro m\u00eas): <a href=\"https:\/\/amzn.to\/3xyV8G9\">https:\/\/amzn.to\/3xyV8G9<\/a><\/strong><\/p>\n","protected":false},"featured_media":8986,"comment_status":"open","ping_status":"closed","template":"","meta":[],"class_list":{"0":"post-8985","1":"product","2":"type-product","3":"status-publish","4":"has-post-thumbnail","6":"product_cat-eletronicas-e-tecnologia","8":"first","9":"instock","10":"sale","11":"shipping-taxable","12":"product-type-external"},"_links":{"self":[{"href":"https:\/\/www.vbdivulg.com\/index.php\/wp-json\/wp\/v2\/product\/8985","targetHints":{"allow":["GET"]}}],"collection":[{"href":"https:\/\/www.vbdivulg.com\/index.php\/wp-json\/wp\/v2\/product"}],"about":[{"href":"https:\/\/www.vbdivulg.com\/index.php\/wp-json\/wp\/v2\/types\/product"}],"replies":[{"embeddable":true,"href":"https:\/\/www.vbdivulg.com\/index.php\/wp-json\/wp\/v2\/comments?post=8985"}],"wp:featuredmedia":[{"embeddable":true,"href":"https:\/\/www.vbdivulg.com\/index.php\/wp-json\/wp\/v2\/media\/8986"}],"wp:attachment":[{"href":"https:\/\/www.vbdivulg.com\/index.php\/wp-json\/wp\/v2\/media?parent=8985"}],"curies":[{"name":"wp","href":"https:\/\/api.w.org\/{rel}","templated":true}]}}