{"id":8991,"date":"2023-09-05T19:34:36","date_gmt":"2023-09-05T22:34:36","guid":{"rendered":"https:\/\/www.vbdivulg.com\/?post_type=product&#038;p=8991"},"modified":"2023-09-05T19:34:36","modified_gmt":"2023-09-05T22:34:36","slug":"vinho-chileno-reservado-750ml","status":"publish","type":"product","link":"https:\/\/www.vbdivulg.com\/index.php\/produto\/vinho-chileno-reservado-750ml\/","title":{"rendered":"Vinho Chileno Reservado 750ml"},"content":{"rendered":"","protected":false},"excerpt":{"rendered":"<p><strong>Concha Y Toro \ud83c\udf77 S\u00e3o v\u00e1rias op\u00e7\u00f5es<\/strong><\/p>\n<p><strong>Vinho Chileno Reservado 750ml<\/strong><\/p>\n<p><strong>\ud83d\udd25R$ 29,90 \u00e0 vista<\/strong><\/p>\n<p><strong>\u26a0\ufe0f Oferta v\u00e1lida para hoje, 05\/09\/2023, podendo encerrar a qualquer momento!!!<\/strong><\/p>\n<p><strong>\u2712\ufe0f Seja prime, primeiro m\u00eas \u00e9 gr\u00e1tis e pode cancelar quando quiser (inclusive no primeiro m\u00eas): https:\/\/amzn.to\/3xyV8G9<\/strong><\/p>\n","protected":false},"featured_media":8992,"comment_status":"open","ping_status":"closed","template":"","meta":[],"class_list":{"0":"post-8991","1":"product","2":"type-product","3":"status-publish","4":"has-post-thumbnail","6":"product_cat-bebidas-e-alimentos","8":"first","9":"instock","10":"sale","11":"shipping-taxable","12":"product-type-external"},"_links":{"self":[{"href":"https:\/\/www.vbdivulg.com\/index.php\/wp-json\/wp\/v2\/product\/8991","targetHints":{"allow":["GET"]}}],"collection":[{"href":"https:\/\/www.vbdivulg.com\/index.php\/wp-json\/wp\/v2\/product"}],"about":[{"href":"https:\/\/www.vbdivulg.com\/index.php\/wp-json\/wp\/v2\/types\/product"}],"replies":[{"embeddable":true,"href":"https:\/\/www.vbdivulg.com\/index.php\/wp-json\/wp\/v2\/comments?post=8991"}],"wp:featuredmedia":[{"embeddable":true,"href":"https:\/\/www.vbdivulg.com\/index.php\/wp-json\/wp\/v2\/media\/8992"}],"wp:attachment":[{"href":"https:\/\/www.vbdivulg.com\/index.php\/wp-json\/wp\/v2\/media?parent=8991"}],"curies":[{"name":"wp","href":"https:\/\/api.w.org\/{rel}","templated":true}]}}