{"id":8993,"date":"2023-09-05T19:37:13","date_gmt":"2023-09-05T22:37:13","guid":{"rendered":"https:\/\/www.vbdivulg.com\/?post_type=product&#038;p=8993"},"modified":"2023-09-05T19:37:13","modified_gmt":"2023-09-05T22:37:13","slug":"ar-condicionado-split-hi-wall-philco-9000-btu-h-frio-monofasico-pas9500fa1-220-volts","status":"publish","type":"product","link":"https:\/\/www.vbdivulg.com\/index.php\/produto\/ar-condicionado-split-hi-wall-philco-9000-btu-h-frio-monofasico-pas9500fa1-220-volts\/","title":{"rendered":"Ar Condicionado Split Hi Wall Philco 9000 BTU\/h Frio Monof\u00e1sico PAS9500FA1 220 Volts"},"content":{"rendered":"","protected":false},"excerpt":{"rendered":"<p><strong>MENOR pre\u00e7o dos \u00faltimos meses \ud83d\ude2e<\/strong><\/p>\n<p><strong>Ar Condicionado Split Hi Wall Philco 9000 BTU\/h Frio Monof\u00e1sico PAS9500FA1 220 Volts<\/strong><\/p>\n<p><strong>\ud83d\udd25R$ 1.199,00 no pix<\/strong><\/p>\n<p><strong>\u26a0\ufe0f Oferta v\u00e1lida para hoje, 05\/09\/2023, podendo encerrar a qualquer momento!!!<\/strong><\/p>\n","protected":false},"featured_media":8994,"comment_status":"open","ping_status":"closed","template":"","meta":[],"class_list":{"0":"post-8993","1":"product","2":"type-product","3":"status-publish","4":"has-post-thumbnail","6":"product_cat-eletrodomesticos","8":"first","9":"instock","10":"sale","11":"shipping-taxable","12":"product-type-external"},"_links":{"self":[{"href":"https:\/\/www.vbdivulg.com\/index.php\/wp-json\/wp\/v2\/product\/8993","targetHints":{"allow":["GET"]}}],"collection":[{"href":"https:\/\/www.vbdivulg.com\/index.php\/wp-json\/wp\/v2\/product"}],"about":[{"href":"https:\/\/www.vbdivulg.com\/index.php\/wp-json\/wp\/v2\/types\/product"}],"replies":[{"embeddable":true,"href":"https:\/\/www.vbdivulg.com\/index.php\/wp-json\/wp\/v2\/comments?post=8993"}],"wp:featuredmedia":[{"embeddable":true,"href":"https:\/\/www.vbdivulg.com\/index.php\/wp-json\/wp\/v2\/media\/8994"}],"wp:attachment":[{"href":"https:\/\/www.vbdivulg.com\/index.php\/wp-json\/wp\/v2\/media?parent=8993"}],"curies":[{"name":"wp","href":"https:\/\/api.w.org\/{rel}","templated":true}]}}