{"id":9011,"date":"2023-09-07T21:08:46","date_gmt":"2023-09-08T00:08:46","guid":{"rendered":"https:\/\/www.vbdivulg.com\/?post_type=product&#038;p=9011"},"modified":"2023-09-07T21:08:46","modified_gmt":"2023-09-08T00:08:46","slug":"g-tech-nebulizador-de-rede-vibratoria-nebmesh2-branca","status":"publish","type":"product","link":"https:\/\/www.vbdivulg.com\/index.php\/produto\/g-tech-nebulizador-de-rede-vibratoria-nebmesh2-branca\/","title":{"rendered":"G-Tech Nebulizador de Rede Vibrat\u00f3ria NEBMESH2, Branca"},"content":{"rendered":"","protected":false},"excerpt":{"rendered":"<p><strong>Port\u00e1til e Silencioso\u2757\ufe0f<\/strong><\/p>\n<p><strong>G-Tech Nebulizador de Rede Vibrat\u00f3ria NEBMESH2, Branca<\/strong><\/p>\n<p><strong>\ud83d\udd25 Por: R$ 134,51 em 2x<\/strong><\/p>\n<p><strong>\u26a0\ufe0f Oferta v\u00e1lida para hoje, 07\/09\/2023, podendo encerrar a qualquer momento!!!<\/strong><\/p>\n<p><strong>\u2712\ufe0f Seja prime, primeiro m\u00eas \u00e9 gr\u00e1tis e pode cancelar quando quiser (inclusive no primeiro m\u00eas): <a href=\"https:\/\/amzn.to\/3xyV8G9\">https:\/\/amzn.to\/3xyV8G9<\/a><\/strong><\/p>\n","protected":false},"featured_media":9012,"comment_status":"open","ping_status":"closed","template":"","meta":[],"class_list":{"0":"post-9011","1":"product","2":"type-product","3":"status-publish","4":"has-post-thumbnail","6":"product_cat-saude","8":"first","9":"instock","10":"sale","11":"shipping-taxable","12":"product-type-external"},"_links":{"self":[{"href":"https:\/\/www.vbdivulg.com\/index.php\/wp-json\/wp\/v2\/product\/9011","targetHints":{"allow":["GET"]}}],"collection":[{"href":"https:\/\/www.vbdivulg.com\/index.php\/wp-json\/wp\/v2\/product"}],"about":[{"href":"https:\/\/www.vbdivulg.com\/index.php\/wp-json\/wp\/v2\/types\/product"}],"replies":[{"embeddable":true,"href":"https:\/\/www.vbdivulg.com\/index.php\/wp-json\/wp\/v2\/comments?post=9011"}],"wp:featuredmedia":[{"embeddable":true,"href":"https:\/\/www.vbdivulg.com\/index.php\/wp-json\/wp\/v2\/media\/9012"}],"wp:attachment":[{"href":"https:\/\/www.vbdivulg.com\/index.php\/wp-json\/wp\/v2\/media?parent=9011"}],"curies":[{"name":"wp","href":"https:\/\/api.w.org\/{rel}","templated":true}]}}