{"id":9025,"date":"2023-09-17T15:05:19","date_gmt":"2023-09-17T18:05:19","guid":{"rendered":"https:\/\/www.vbdivulg.com\/?post_type=product&#038;p=9025"},"modified":"2023-09-17T15:05:19","modified_gmt":"2023-09-17T18:05:19","slug":"samsung-galaxy-s21-fe-128gb-5g-wi-fi-tela-6-4-dual-chip-6gb-ram-camera-tripla-selfie-32mp","status":"publish","type":"product","link":"https:\/\/www.vbdivulg.com\/index.php\/produto\/samsung-galaxy-s21-fe-128gb-5g-wi-fi-tela-6-4-dual-chip-6gb-ram-camera-tripla-selfie-32mp\/","title":{"rendered":"Samsung Galaxy S21 FE 128GB 5G Wi-Fi Tela 6.4&#8221; Dual Chip 6GB RAM C\u00e2mera Tripla + Selfie 32MP"},"content":{"rendered":"","protected":false},"excerpt":{"rendered":"<p><strong>S21 FE 128GB 5G\u2757\ufe0f<\/strong><\/p>\n<p><strong>Samsung Galaxy S21 FE 128GB 5G Wi-Fi Tela 6.4&#8221; Dual Chip 6GB RAM C\u00e2mera Tripla + Selfie 32MP<\/strong><\/p>\n<p><strong>\ud83d\udd25 Por: R$ 1.979,10 em at\u00e9 10x<\/strong><\/p>\n<p><strong>\u26a0\ufe0f Oferta v\u00e1lida para hoje, 17\/09\/2023, podendo encerrar a qualquer momento!!!<\/strong><\/p>\n<p><strong>\u2712\ufe0f Seja prime, primeiro m\u00eas \u00e9 gr\u00e1tis e pode cancelar quando quiser (inclusive no primeiro m\u00eas): <a href=\"https:\/\/amzn.to\/3xyV8G9\">https:\/\/amzn.to\/3xyV8G9<\/a><\/strong><\/p>\n","protected":false},"featured_media":9026,"comment_status":"open","ping_status":"closed","template":"","meta":[],"class_list":{"0":"post-9025","1":"product","2":"type-product","3":"status-publish","4":"has-post-thumbnail","6":"product_cat-smartphones","8":"first","9":"instock","10":"sale","11":"shipping-taxable","12":"product-type-external"},"_links":{"self":[{"href":"https:\/\/www.vbdivulg.com\/index.php\/wp-json\/wp\/v2\/product\/9025","targetHints":{"allow":["GET"]}}],"collection":[{"href":"https:\/\/www.vbdivulg.com\/index.php\/wp-json\/wp\/v2\/product"}],"about":[{"href":"https:\/\/www.vbdivulg.com\/index.php\/wp-json\/wp\/v2\/types\/product"}],"replies":[{"embeddable":true,"href":"https:\/\/www.vbdivulg.com\/index.php\/wp-json\/wp\/v2\/comments?post=9025"}],"wp:featuredmedia":[{"embeddable":true,"href":"https:\/\/www.vbdivulg.com\/index.php\/wp-json\/wp\/v2\/media\/9026"}],"wp:attachment":[{"href":"https:\/\/www.vbdivulg.com\/index.php\/wp-json\/wp\/v2\/media?parent=9025"}],"curies":[{"name":"wp","href":"https:\/\/api.w.org\/{rel}","templated":true}]}}