{"id":9027,"date":"2023-09-17T15:08:55","date_gmt":"2023-09-17T18:08:55","guid":{"rendered":"https:\/\/www.vbdivulg.com\/?post_type=product&#038;p=9027"},"modified":"2023-09-17T15:08:55","modified_gmt":"2023-09-17T18:08:55","slug":"wella-professionals-oil-reflections-oleo-capilar-30-ml-a-embalagem-pode-variar","status":"publish","type":"product","link":"https:\/\/www.vbdivulg.com\/index.php\/produto\/wella-professionals-oil-reflections-oleo-capilar-30-ml-a-embalagem-pode-variar\/","title":{"rendered":"Wella Professionals Oil Reflections \u00d3leo Capilar 30 ml- a embalagem pode variar"},"content":{"rendered":"","protected":false},"excerpt":{"rendered":"<p><strong>Wella Professionals Oil Reflections \u00d3leo Capilar 30 ml- a embalagem pode variar<\/strong><\/p>\n<p><strong>\ud83d\udd25 R$ 53,90 \u00e0 vista<\/strong><\/p>\n<p><strong>\u26a0\ufe0f Oferta v\u00e1lida para hoje, 17\/09\/2023, podendo encerrar a qualquer momento!!!<\/strong><\/p>\n<p><strong>\u2712\ufe0f Seja prime, primeiro m\u00eas \u00e9 gr\u00e1tis e pode cancelar quando quiser (inclusive no primeiro m\u00eas): <a href=\"https:\/\/amzn.to\/3xyV8G9\">https:\/\/amzn.to\/3xyV8G9<\/a><\/strong><\/p>\n","protected":false},"featured_media":9028,"comment_status":"open","ping_status":"closed","template":"","meta":[],"class_list":{"0":"post-9027","1":"product","2":"type-product","3":"status-publish","4":"has-post-thumbnail","6":"product_cat-beleza","8":"first","9":"instock","10":"sale","11":"shipping-taxable","12":"product-type-external"},"_links":{"self":[{"href":"https:\/\/www.vbdivulg.com\/index.php\/wp-json\/wp\/v2\/product\/9027","targetHints":{"allow":["GET"]}}],"collection":[{"href":"https:\/\/www.vbdivulg.com\/index.php\/wp-json\/wp\/v2\/product"}],"about":[{"href":"https:\/\/www.vbdivulg.com\/index.php\/wp-json\/wp\/v2\/types\/product"}],"replies":[{"embeddable":true,"href":"https:\/\/www.vbdivulg.com\/index.php\/wp-json\/wp\/v2\/comments?post=9027"}],"wp:featuredmedia":[{"embeddable":true,"href":"https:\/\/www.vbdivulg.com\/index.php\/wp-json\/wp\/v2\/media\/9028"}],"wp:attachment":[{"href":"https:\/\/www.vbdivulg.com\/index.php\/wp-json\/wp\/v2\/media?parent=9027"}],"curies":[{"name":"wp","href":"https:\/\/api.w.org\/{rel}","templated":true}]}}