{"id":9029,"date":"2023-09-17T15:14:11","date_gmt":"2023-09-17T18:14:11","guid":{"rendered":"https:\/\/www.vbdivulg.com\/?post_type=product&#038;p=9029"},"modified":"2023-09-17T15:14:11","modified_gmt":"2023-09-17T18:14:11","slug":"protetor-eletronico-com-5-tomadas-epe-1005-intelbras","status":"publish","type":"product","link":"https:\/\/www.vbdivulg.com\/index.php\/produto\/protetor-eletronico-com-5-tomadas-epe-1005-intelbras\/","title":{"rendered":"Protetor Eletr\u00f4nico com 5 tomadas EPE 1005+ Intelbras"},"content":{"rendered":"","protected":false},"excerpt":{"rendered":"<p><strong>Suporta 5 tomadas \ud83d\udd0c<\/strong><\/p>\n<p><strong>Protetor Eletr\u00f4nico com 5 tomadas EPE 1005+ Intelbras<\/strong><\/p>\n<p><strong>\ud83d\udd25 Por: R$ 28,00 \u00e0 vista<\/strong><\/p>\n<p><strong>\u26a0\ufe0f Oferta v\u00e1lida para hoje, 17\/09\/2023, podendo encerrar a qualquer momento!!!<\/strong><\/p>\n<p><strong>\u2712\ufe0f Seja prime, primeiro m\u00eas \u00e9 gr\u00e1tis e pode cancelar quando quiser (inclusive no primeiro m\u00eas): <a href=\"https:\/\/amzn.to\/3xyV8G9\">https:\/\/amzn.to\/3xyV8G9<\/a><\/strong><\/p>\n","protected":false},"featured_media":9030,"comment_status":"open","ping_status":"closed","template":"","meta":[],"class_list":{"0":"post-9029","1":"product","2":"type-product","3":"status-publish","4":"has-post-thumbnail","6":"product_cat-casa-e-construcao","8":"first","9":"instock","10":"sale","11":"shipping-taxable","12":"product-type-external"},"_links":{"self":[{"href":"https:\/\/www.vbdivulg.com\/index.php\/wp-json\/wp\/v2\/product\/9029","targetHints":{"allow":["GET"]}}],"collection":[{"href":"https:\/\/www.vbdivulg.com\/index.php\/wp-json\/wp\/v2\/product"}],"about":[{"href":"https:\/\/www.vbdivulg.com\/index.php\/wp-json\/wp\/v2\/types\/product"}],"replies":[{"embeddable":true,"href":"https:\/\/www.vbdivulg.com\/index.php\/wp-json\/wp\/v2\/comments?post=9029"}],"wp:featuredmedia":[{"embeddable":true,"href":"https:\/\/www.vbdivulg.com\/index.php\/wp-json\/wp\/v2\/media\/9030"}],"wp:attachment":[{"href":"https:\/\/www.vbdivulg.com\/index.php\/wp-json\/wp\/v2\/media?parent=9029"}],"curies":[{"name":"wp","href":"https:\/\/api.w.org\/{rel}","templated":true}]}}