{"id":9039,"date":"2023-09-17T15:36:50","date_gmt":"2023-09-17T18:36:50","guid":{"rendered":"https:\/\/www.vbdivulg.com\/?post_type=product&#038;p=9039"},"modified":"2023-09-17T15:36:50","modified_gmt":"2023-09-17T18:36:50","slug":"kit-presente-malbec-club-edicao-especial-3-itens","status":"publish","type":"product","link":"https:\/\/www.vbdivulg.com\/index.php\/produto\/kit-presente-malbec-club-edicao-especial-3-itens\/","title":{"rendered":"Kit Presente Malbec Club Edi\u00e7\u00e3o Especial (3 itens)"},"content":{"rendered":"","protected":false},"excerpt":{"rendered":"<p><strong>Malbec! Edi\u00e7\u00e3o especial \ud83d\udd1d<\/strong><\/p>\n<p><strong>Kit Presente Malbec Club Edi\u00e7\u00e3o Especial (3 itens)<\/strong><\/p>\n<p><strong>\ud83d\udd25R$ 89,90 em at\u00e9 4x<\/strong><\/p>\n<p><strong>\u26a0\ufe0f Oferta v\u00e1lida para hoje, 17\/09\/2023, podendo encerrar a qualquer momento!!!<\/strong><\/p>\n","protected":false},"featured_media":9040,"comment_status":"open","ping_status":"closed","template":"","meta":[],"class_list":{"0":"post-9039","1":"product","2":"type-product","3":"status-publish","4":"has-post-thumbnail","6":"product_cat-beleza","8":"first","9":"instock","10":"sale","11":"shipping-taxable","12":"product-type-external"},"_links":{"self":[{"href":"https:\/\/www.vbdivulg.com\/index.php\/wp-json\/wp\/v2\/product\/9039","targetHints":{"allow":["GET"]}}],"collection":[{"href":"https:\/\/www.vbdivulg.com\/index.php\/wp-json\/wp\/v2\/product"}],"about":[{"href":"https:\/\/www.vbdivulg.com\/index.php\/wp-json\/wp\/v2\/types\/product"}],"replies":[{"embeddable":true,"href":"https:\/\/www.vbdivulg.com\/index.php\/wp-json\/wp\/v2\/comments?post=9039"}],"wp:featuredmedia":[{"embeddable":true,"href":"https:\/\/www.vbdivulg.com\/index.php\/wp-json\/wp\/v2\/media\/9040"}],"wp:attachment":[{"href":"https:\/\/www.vbdivulg.com\/index.php\/wp-json\/wp\/v2\/media?parent=9039"}],"curies":[{"name":"wp","href":"https:\/\/api.w.org\/{rel}","templated":true}]}}