{"id":9045,"date":"2023-09-21T07:03:26","date_gmt":"2023-09-21T10:03:26","guid":{"rendered":"https:\/\/www.vbdivulg.com\/?post_type=product&#038;p=9045"},"modified":"2023-09-21T07:03:26","modified_gmt":"2023-09-21T10:03:26","slug":"bepantol-derma-gel-de-limpeza-facial-gel-hidratante-facial-bepantol-liquido-limpeza-delicada-uso-diario-200ml","status":"publish","type":"product","link":"https:\/\/www.vbdivulg.com\/index.php\/produto\/bepantol-derma-gel-de-limpeza-facial-gel-hidratante-facial-bepantol-liquido-limpeza-delicada-uso-diario-200ml\/","title":{"rendered":"Bepantol Derma Gel de Limpeza Facial, Gel Hidratante Facial, Bepantol L\u00edquido, Limpeza Delicada, Uso Di\u00e1rio, 200ml"},"content":{"rendered":"","protected":false},"excerpt":{"rendered":"<p><strong>Bepantol Derma Gel de Limpeza Facial, Gel Hidratante Facial, Bepantol L\u00edquido, Limpeza Delicada, Uso Di\u00e1rio, 200ml<\/strong><\/p>\n<p><strong>\ud83d\udd25 R$ 43,38 \u00e0 vista<\/strong><\/p>\n<p><strong>\u26a0\ufe0f Oferta v\u00e1lida para hoje, 20\/09\/2023, podendo encerrar a qualquer momento!!!<\/strong><\/p>\n<p><strong>\u2712\ufe0f Seja prime, primeiro m\u00eas \u00e9 gr\u00e1tis e pode cancelar quando quiser (inclusive no primeiro m\u00eas): <a href=\"https:\/\/amzn.to\/3xyV8G9\">https:\/\/amzn.to\/3xyV8G9<\/a><\/strong><\/p>\n","protected":false},"featured_media":9046,"comment_status":"open","ping_status":"closed","template":"","meta":[],"class_list":{"0":"post-9045","1":"product","2":"type-product","3":"status-publish","4":"has-post-thumbnail","6":"product_cat-beleza","8":"first","9":"instock","10":"sale","11":"shipping-taxable","12":"product-type-external"},"_links":{"self":[{"href":"https:\/\/www.vbdivulg.com\/index.php\/wp-json\/wp\/v2\/product\/9045","targetHints":{"allow":["GET"]}}],"collection":[{"href":"https:\/\/www.vbdivulg.com\/index.php\/wp-json\/wp\/v2\/product"}],"about":[{"href":"https:\/\/www.vbdivulg.com\/index.php\/wp-json\/wp\/v2\/types\/product"}],"replies":[{"embeddable":true,"href":"https:\/\/www.vbdivulg.com\/index.php\/wp-json\/wp\/v2\/comments?post=9045"}],"wp:featuredmedia":[{"embeddable":true,"href":"https:\/\/www.vbdivulg.com\/index.php\/wp-json\/wp\/v2\/media\/9046"}],"wp:attachment":[{"href":"https:\/\/www.vbdivulg.com\/index.php\/wp-json\/wp\/v2\/media?parent=9045"}],"curies":[{"name":"wp","href":"https:\/\/api.w.org\/{rel}","templated":true}]}}