{"id":9075,"date":"2023-09-22T06:03:10","date_gmt":"2023-09-22T09:03:10","guid":{"rendered":"https:\/\/www.vbdivulg.com\/?post_type=product&#038;p=9075"},"modified":"2023-09-22T06:03:10","modified_gmt":"2023-09-22T09:03:10","slug":"apple-airpods-3a-geracao-com-estojo-de-recarga-lightning","status":"publish","type":"product","link":"https:\/\/www.vbdivulg.com\/index.php\/produto\/apple-airpods-3a-geracao-com-estojo-de-recarga-lightning\/","title":{"rendered":"Apple AirPods (3\u00aa gera\u00e7\u00e3o) com estojo de recarga Lightning"},"content":{"rendered":"","protected":false},"excerpt":{"rendered":"<p><strong>Esse \u00e9 o de 3\u00aa Gera\u00e7\u00e3o\u203c\ufe0f Airpods Apple \ud83c\udf4e<\/strong><\/p>\n<p><strong>Apple AirPods (3\u00aa gera\u00e7\u00e3o) com estojo de recarga Lightning<\/strong><\/p>\n<p><strong>\ud83d\udd25R$ 1.439,10 no Pix e boleto <\/strong><br \/>\n<strong>\ud83d\udd25R$ 1.599,00 em at\u00e9 12x<\/strong><\/p>\n<p><strong>\u26a0\ufe0f Oferta v\u00e1lida para hoje, 22\/09\/2023, podendo encerrar a qualquer momento!!!<\/strong><\/p>\n<p><strong>\u2712\ufe0f Seja prime, primeiro m\u00eas \u00e9 gr\u00e1tis e pode cancelar quando quiser (inclusive no primeiro m\u00eas): <a href=\"https:\/\/amzn.to\/3xyV8G9\">https:\/\/amzn.to\/3xyV8G9<\/a><\/strong><\/p>\n","protected":false},"featured_media":9076,"comment_status":"open","ping_status":"closed","template":"","meta":[],"class_list":{"0":"post-9075","1":"product","2":"type-product","3":"status-publish","4":"has-post-thumbnail","6":"product_cat-eletroportateis","8":"first","9":"instock","10":"sale","11":"shipping-taxable","12":"product-type-external"},"_links":{"self":[{"href":"https:\/\/www.vbdivulg.com\/index.php\/wp-json\/wp\/v2\/product\/9075","targetHints":{"allow":["GET"]}}],"collection":[{"href":"https:\/\/www.vbdivulg.com\/index.php\/wp-json\/wp\/v2\/product"}],"about":[{"href":"https:\/\/www.vbdivulg.com\/index.php\/wp-json\/wp\/v2\/types\/product"}],"replies":[{"embeddable":true,"href":"https:\/\/www.vbdivulg.com\/index.php\/wp-json\/wp\/v2\/comments?post=9075"}],"wp:featuredmedia":[{"embeddable":true,"href":"https:\/\/www.vbdivulg.com\/index.php\/wp-json\/wp\/v2\/media\/9076"}],"wp:attachment":[{"href":"https:\/\/www.vbdivulg.com\/index.php\/wp-json\/wp\/v2\/media?parent=9075"}],"curies":[{"name":"wp","href":"https:\/\/api.w.org\/{rel}","templated":true}]}}