{"id":9097,"date":"2023-09-23T17:28:05","date_gmt":"2023-09-23T20:28:05","guid":{"rendered":"https:\/\/www.vbdivulg.com\/?post_type=product&#038;p=9097"},"modified":"2023-09-23T17:28:06","modified_gmt":"2023-09-23T20:28:06","slug":"protetor-solar-facial-isdin-fusion-water-5-stars-fps-60-sem-cor-30ml","status":"publish","type":"product","link":"https:\/\/www.vbdivulg.com\/index.php\/produto\/protetor-solar-facial-isdin-fusion-water-5-stars-fps-60-sem-cor-30ml\/","title":{"rendered":"Protetor Solar Facial ISDIN Fusion Water 5 Stars FPS 60 sem cor &#8211; 30ml"},"content":{"rendered":"","protected":false},"excerpt":{"rendered":"<p><strong>Protetor de Qualidade\u203c\ufe0f Isdin, FPS 60<\/strong><\/p>\n<p><strong>Protetor Solar Facial ISDIN Fusion Water 5 Stars FPS 60 sem cor &#8211; 30ml<\/strong><\/p>\n<p><strong>\ud83d\udd25R$ 63,39 \u00e0 vista<\/strong><\/p>\n<p><strong>\u26a0\ufe0f Oferta v\u00e1lida para hoje, 23\/09\/2023, podendo encerrar a qualquer momento!!!<\/strong><\/p>\n<p><strong>\u2712\ufe0f Seja prime, primeiro m\u00eas \u00e9 gr\u00e1tis e pode cancelar quando quiser (inclusive no primeiro m\u00eas): <a href=\"https:\/\/amzn.to\/3xyV8G9\">https:\/\/amzn.to\/3xyV8G9<\/a><\/strong><\/p>\n","protected":false},"featured_media":9098,"comment_status":"open","ping_status":"closed","template":"","meta":[],"class_list":{"0":"post-9097","1":"product","2":"type-product","3":"status-publish","4":"has-post-thumbnail","6":"product_cat-saude","8":"first","9":"instock","10":"sale","11":"shipping-taxable","12":"product-type-external"},"_links":{"self":[{"href":"https:\/\/www.vbdivulg.com\/index.php\/wp-json\/wp\/v2\/product\/9097","targetHints":{"allow":["GET"]}}],"collection":[{"href":"https:\/\/www.vbdivulg.com\/index.php\/wp-json\/wp\/v2\/product"}],"about":[{"href":"https:\/\/www.vbdivulg.com\/index.php\/wp-json\/wp\/v2\/types\/product"}],"replies":[{"embeddable":true,"href":"https:\/\/www.vbdivulg.com\/index.php\/wp-json\/wp\/v2\/comments?post=9097"}],"wp:featuredmedia":[{"embeddable":true,"href":"https:\/\/www.vbdivulg.com\/index.php\/wp-json\/wp\/v2\/media\/9098"}],"wp:attachment":[{"href":"https:\/\/www.vbdivulg.com\/index.php\/wp-json\/wp\/v2\/media?parent=9097"}],"curies":[{"name":"wp","href":"https:\/\/api.w.org\/{rel}","templated":true}]}}