{"id":9103,"date":"2023-09-23T17:36:18","date_gmt":"2023-09-23T20:36:18","guid":{"rendered":"https:\/\/www.vbdivulg.com\/?post_type=product&#038;p=9103"},"modified":"2023-09-23T17:36:18","modified_gmt":"2023-09-23T20:36:18","slug":"copo-termico-com-tampa-stanley473ml-2","status":"publish","type":"product","link":"https:\/\/www.vbdivulg.com\/index.php\/produto\/copo-termico-com-tampa-stanley473ml-2\/","title":{"rendered":"Copo t\u00e9rmico com tampa Stanley|473ml"},"content":{"rendered":"","protected":false},"excerpt":{"rendered":"<p><strong>Esse \u00e9 com tampa, qualidade Stanley\u2757\ufe0f<\/strong><\/p>\n<p><strong>Copo t\u00e9rmico com tampa Stanley|473ml<\/strong><\/p>\n<p><strong>\ud83d\udd25R$ 139,90 parcelado<\/strong><\/p>\n<p><strong>\u26a0\ufe0f Oferta v\u00e1lida para hoje, 23\/09\/2023, podendo encerrar a qualquer momento!!!<\/strong><\/p>\n<p><strong>\u2712\ufe0f Seja prime, primeiro m\u00eas \u00e9 gr\u00e1tis e pode cancelar quando quiser (inclusive no primeiro m\u00eas):<a href=\"https:\/\/amzn.to\/3xyV8G9\"> https:\/\/amzn.to\/3xyV8G9<\/a><\/strong><\/p>\n","protected":false},"featured_media":9104,"comment_status":"open","ping_status":"closed","template":"","meta":[],"class_list":{"0":"post-9103","1":"product","2":"type-product","3":"status-publish","4":"has-post-thumbnail","6":"product_cat-esporte","8":"first","9":"instock","10":"sale","11":"shipping-taxable","12":"product-type-external"},"_links":{"self":[{"href":"https:\/\/www.vbdivulg.com\/index.php\/wp-json\/wp\/v2\/product\/9103","targetHints":{"allow":["GET"]}}],"collection":[{"href":"https:\/\/www.vbdivulg.com\/index.php\/wp-json\/wp\/v2\/product"}],"about":[{"href":"https:\/\/www.vbdivulg.com\/index.php\/wp-json\/wp\/v2\/types\/product"}],"replies":[{"embeddable":true,"href":"https:\/\/www.vbdivulg.com\/index.php\/wp-json\/wp\/v2\/comments?post=9103"}],"wp:featuredmedia":[{"embeddable":true,"href":"https:\/\/www.vbdivulg.com\/index.php\/wp-json\/wp\/v2\/media\/9104"}],"wp:attachment":[{"href":"https:\/\/www.vbdivulg.com\/index.php\/wp-json\/wp\/v2\/media?parent=9103"}],"curies":[{"name":"wp","href":"https:\/\/api.w.org\/{rel}","templated":true}]}}