{"id":9114,"date":"2023-09-26T06:28:13","date_gmt":"2023-09-26T09:28:13","guid":{"rendered":"https:\/\/www.vbdivulg.com\/?post_type=product&#038;p=9114"},"modified":"2024-11-13T03:24:25","modified_gmt":"2024-11-13T06:24:25","slug":"aparelho-de-jantar-e-cha-30-pcs-biona-donna-branco","status":"publish","type":"product","link":"https:\/\/www.vbdivulg.com\/index.php\/produto\/aparelho-de-jantar-e-cha-30-pcs-biona-donna-branco\/","title":{"rendered":"Aparelho de Jantar E Ch\u00e1 30 P\u00e7s Biona Donna Branco"},"content":{"rendered":"","protected":false},"excerpt":{"rendered":"<p><strong>30 pe\u00e7as BIONA!<\/strong><\/p>\n<p><strong>Aparelho de Jantar E Ch\u00e1 30 P\u00e7s Biona Donna Branco<\/strong><\/p>\n<p><strong>\ud83d\udd25R$ 292,92 \u00e0 vista no Pix e boleto <\/strong><br \/>\n<strong>\ud83d\udd25R$ 301,99 em at\u00e9 6x<\/strong><\/p>\n<p><strong>\u26a0\ufe0f Oferta v\u00e1lida para hoje, 26\/09\/2023, podendo encerrar a qualquer momento!!!<\/strong><\/p>\n<p><strong>\u2712\ufe0f Seja prime, primeiro m\u00eas \u00e9 gr\u00e1tis e pode cancelar quando quiser (inclusive no primeiro m\u00eas): <a href=\"https:\/\/amzn.to\/3xyV8G9\">https:\/\/amzn.to\/3xyV8G9<\/a><\/strong><\/p>\n","protected":false},"featured_media":9115,"comment_status":"open","ping_status":"closed","template":"","meta":[],"class_list":{"0":"post-9114","1":"product","2":"type-product","3":"status-publish","4":"has-post-thumbnail","6":"product_cat-utilidades-domesticas","8":"first","9":"instock","10":"sale","11":"shipping-taxable","12":"product-type-external"},"_links":{"self":[{"href":"https:\/\/www.vbdivulg.com\/index.php\/wp-json\/wp\/v2\/product\/9114","targetHints":{"allow":["GET"]}}],"collection":[{"href":"https:\/\/www.vbdivulg.com\/index.php\/wp-json\/wp\/v2\/product"}],"about":[{"href":"https:\/\/www.vbdivulg.com\/index.php\/wp-json\/wp\/v2\/types\/product"}],"replies":[{"embeddable":true,"href":"https:\/\/www.vbdivulg.com\/index.php\/wp-json\/wp\/v2\/comments?post=9114"}],"wp:featuredmedia":[{"embeddable":true,"href":"https:\/\/www.vbdivulg.com\/index.php\/wp-json\/wp\/v2\/media\/9115"}],"wp:attachment":[{"href":"https:\/\/www.vbdivulg.com\/index.php\/wp-json\/wp\/v2\/media?parent=9114"}],"curies":[{"name":"wp","href":"https:\/\/api.w.org\/{rel}","templated":true}]}}