{"id":9135,"date":"2023-09-28T21:03:17","date_gmt":"2023-09-29T00:03:17","guid":{"rendered":"https:\/\/www.vbdivulg.com\/?post_type=product&#038;p=9135"},"modified":"2023-09-28T21:03:17","modified_gmt":"2023-09-29T00:03:17","slug":"brinquedos-estrela-nova-versao-banco-imobiliario-realidade-aumentada","status":"publish","type":"product","link":"https:\/\/www.vbdivulg.com\/index.php\/produto\/brinquedos-estrela-nova-versao-banco-imobiliario-realidade-aumentada\/","title":{"rendered":"Brinquedos Estrela, Nova Vers\u00e3o Banco Imobili\u00e1rio Realidade Aumentada"},"content":{"rendered":"","protected":false},"excerpt":{"rendered":"<p><strong>Brinquedos Estrela, Nova Vers\u00e3o Banco Imobili\u00e1rio Realidade Aumentada<\/strong><\/p>\n<p><strong>\ud83d\udd25 Por: R$ 91,11 \u00e0 vista<\/strong><\/p>\n<p><strong>\u26a0\ufe0f Oferta v\u00e1lida para hoje, 28\/09\/2023, podendo encerrar a qualquer momento!!!<\/strong><\/p>\n<p><strong>\u2712\ufe0f Seja prime, primeiro m\u00eas \u00e9 gr\u00e1tis e pode cancelar quando quiser (inclusive no primeiro m\u00eas): <a href=\"https:\/\/amzn.to\/3xyV8G9\">https:\/\/amzn.to\/3xyV8G9<\/a><\/strong><\/p>\n","protected":false},"featured_media":9136,"comment_status":"open","ping_status":"closed","template":"","meta":[],"class_list":{"0":"post-9135","1":"product","2":"type-product","3":"status-publish","4":"has-post-thumbnail","6":"product_cat-brinquedos-e-colecionaveis","8":"first","9":"instock","10":"sale","11":"shipping-taxable","12":"product-type-external"},"_links":{"self":[{"href":"https:\/\/www.vbdivulg.com\/index.php\/wp-json\/wp\/v2\/product\/9135","targetHints":{"allow":["GET"]}}],"collection":[{"href":"https:\/\/www.vbdivulg.com\/index.php\/wp-json\/wp\/v2\/product"}],"about":[{"href":"https:\/\/www.vbdivulg.com\/index.php\/wp-json\/wp\/v2\/types\/product"}],"replies":[{"embeddable":true,"href":"https:\/\/www.vbdivulg.com\/index.php\/wp-json\/wp\/v2\/comments?post=9135"}],"wp:featuredmedia":[{"embeddable":true,"href":"https:\/\/www.vbdivulg.com\/index.php\/wp-json\/wp\/v2\/media\/9136"}],"wp:attachment":[{"href":"https:\/\/www.vbdivulg.com\/index.php\/wp-json\/wp\/v2\/media?parent=9135"}],"curies":[{"name":"wp","href":"https:\/\/api.w.org\/{rel}","templated":true}]}}