{"id":9139,"date":"2023-09-28T21:08:23","date_gmt":"2023-09-29T00:08:23","guid":{"rendered":"https:\/\/www.vbdivulg.com\/?post_type=product&#038;p=9139"},"modified":"2023-09-28T21:08:24","modified_gmt":"2023-09-29T00:08:24","slug":"maquina-de-lavar-panasonic-12kg-titanio-na-f120b1ta-110v","status":"publish","type":"product","link":"https:\/\/www.vbdivulg.com\/index.php\/produto\/maquina-de-lavar-panasonic-12kg-titanio-na-f120b1ta-110v\/","title":{"rendered":"M\u00e1quina De Lavar Panasonic 12kg Tit\u00e2nio NA-F120B1TA 110v"},"content":{"rendered":"","protected":false},"excerpt":{"rendered":"<p><strong>M\u00e1quina De Lavar Panasonic DE 12 KG!! PARCELADOOO \ud83d\udcb3\u203c\ufe0f<\/strong><\/p>\n<p><strong>M\u00e1quina De Lavar Panasonic 12kg Tit\u00e2nio NA-F120B1TA 110v<\/strong><\/p>\n<p><strong>\ud83d\udd25 Por: R$ 1.899,00 Parcelado<\/strong><\/p>\n<p><strong>\u26a0\ufe0f Oferta v\u00e1lida para hoje, 28\/09\/2023, podendo encerrar a qualquer momento!!!<\/strong><\/p>\n<p><strong>\u2712\ufe0f Seja prime, primeiro m\u00eas \u00e9 gr\u00e1tis e pode cancelar quando quiser (inclusive no primeiro m\u00eas): <a href=\"https:\/\/amzn.to\/3xyV8G9\">https:\/\/amzn.to\/3xyV8G9<\/a><\/strong><\/p>\n","protected":false},"featured_media":9140,"comment_status":"open","ping_status":"closed","template":"","meta":[],"class_list":{"0":"post-9139","1":"product","2":"type-product","3":"status-publish","4":"has-post-thumbnail","6":"product_cat-eletrodomesticos","8":"first","9":"instock","10":"sale","11":"shipping-taxable","12":"product-type-external"},"_links":{"self":[{"href":"https:\/\/www.vbdivulg.com\/index.php\/wp-json\/wp\/v2\/product\/9139","targetHints":{"allow":["GET"]}}],"collection":[{"href":"https:\/\/www.vbdivulg.com\/index.php\/wp-json\/wp\/v2\/product"}],"about":[{"href":"https:\/\/www.vbdivulg.com\/index.php\/wp-json\/wp\/v2\/types\/product"}],"replies":[{"embeddable":true,"href":"https:\/\/www.vbdivulg.com\/index.php\/wp-json\/wp\/v2\/comments?post=9139"}],"wp:featuredmedia":[{"embeddable":true,"href":"https:\/\/www.vbdivulg.com\/index.php\/wp-json\/wp\/v2\/media\/9140"}],"wp:attachment":[{"href":"https:\/\/www.vbdivulg.com\/index.php\/wp-json\/wp\/v2\/media?parent=9139"}],"curies":[{"name":"wp","href":"https:\/\/api.w.org\/{rel}","templated":true}]}}