{"id":9155,"date":"2023-10-05T20:40:09","date_gmt":"2023-10-05T23:40:09","guid":{"rendered":"https:\/\/www.vbdivulg.com\/?post_type=product&#038;p=9155"},"modified":"2023-10-21T16:30:59","modified_gmt":"2023-10-21T19:30:59","slug":"samsung-galaxy-z-flip4-256gb-5g-wi-fi-tela-dobravel-de-6-7-dual-chip-processador-snapdragon-8gb","status":"publish","type":"product","link":"https:\/\/www.vbdivulg.com\/index.php\/produto\/samsung-galaxy-z-flip4-256gb-5g-wi-fi-tela-dobravel-de-6-7-dual-chip-processador-snapdragon-8gb\/","title":{"rendered":"Samsung Galaxy Z Flip4 256GB 5G Wi-Fi Tela dobr\u00e1vel de 6.7&#8221; Dual Chip Processador Snapdragon 8GB"},"content":{"rendered":"","protected":false},"excerpt":{"rendered":"<p><strong>PRE\u00c7\u00c3O parcelado! Galaxy Z Flip4, com tela dobr\u00e1vel \ud83d\udcf2<\/strong><\/p>\n<p><strong>Samsung Galaxy Z Flip4 256GB 5G Wi-Fi Tela dobr\u00e1vel de 6.7&#8221; Dual Chip Processador Snapdragon 8GB<\/strong><\/p>\n<p><strong>\ud83d\udd25R$ 3.459,00 em at\u00e9 10x<\/strong><\/p>\n<p><strong>\u26a0\ufe0f Oferta v\u00e1lida para hoje, 05\/10\/2023, podendo encerrar a qualquer momento!!!<\/strong><\/p>\n<p><strong>\u2712\ufe0f Seja prime, primeiro m\u00eas \u00e9 gr\u00e1tis e pode cancelar quando quiser (inclusive no primeiro m\u00eas): <a href=\"https:\/\/amzn.to\/3xyV8G9\">https:\/\/amzn.to\/3xyV8G9<\/a><\/strong><\/p>\n","protected":false},"featured_media":9156,"comment_status":"open","ping_status":"closed","template":"","meta":[],"class_list":{"0":"post-9155","1":"product","2":"type-product","3":"status-publish","4":"has-post-thumbnail","6":"product_cat-smartphones","8":"first","9":"instock","10":"sale","11":"shipping-taxable","12":"product-type-external"},"_links":{"self":[{"href":"https:\/\/www.vbdivulg.com\/index.php\/wp-json\/wp\/v2\/product\/9155","targetHints":{"allow":["GET"]}}],"collection":[{"href":"https:\/\/www.vbdivulg.com\/index.php\/wp-json\/wp\/v2\/product"}],"about":[{"href":"https:\/\/www.vbdivulg.com\/index.php\/wp-json\/wp\/v2\/types\/product"}],"replies":[{"embeddable":true,"href":"https:\/\/www.vbdivulg.com\/index.php\/wp-json\/wp\/v2\/comments?post=9155"}],"wp:featuredmedia":[{"embeddable":true,"href":"https:\/\/www.vbdivulg.com\/index.php\/wp-json\/wp\/v2\/media\/9156"}],"wp:attachment":[{"href":"https:\/\/www.vbdivulg.com\/index.php\/wp-json\/wp\/v2\/media?parent=9155"}],"curies":[{"name":"wp","href":"https:\/\/api.w.org\/{rel}","templated":true}]}}