{"id":9169,"date":"2023-10-05T21:01:43","date_gmt":"2023-10-06T00:01:43","guid":{"rendered":"https:\/\/www.vbdivulg.com\/?post_type=product&#038;p=9169"},"modified":"2023-10-05T21:01:43","modified_gmt":"2023-10-06T00:01:43","slug":"tenis-olympikus-citrus-feminino","status":"publish","type":"product","link":"https:\/\/www.vbdivulg.com\/index.php\/produto\/tenis-olympikus-citrus-feminino\/","title":{"rendered":"T\u00eanis Olympikus Citrus Feminino"},"content":{"rendered":"","protected":false},"excerpt":{"rendered":"<p><strong>PRE\u00c7\u00c3O\u2757\ufe0f<\/strong><\/p>\n<p><strong>T\u00eanis Olympikus Citrus Feminino<\/strong><\/p>\n<p><strong>\ud83d\udd25 Por: R$ 89,99 via Pix<\/strong><br \/>\n<strong>\ud83d\udd25 Por: R$ 99,99 em at\u00e9 2x<\/strong><\/p>\n<p><strong>\u26a0\ufe0f Oferta v\u00e1lida para hoje, 05\/10\/2023, podendo encerrar a qualquer momento!!!<\/strong><\/p>\n","protected":false},"featured_media":9170,"comment_status":"open","ping_status":"closed","template":"","meta":[],"class_list":{"0":"post-9169","1":"product","2":"type-product","3":"status-publish","4":"has-post-thumbnail","6":"product_cat-calcados-feminino","8":"first","9":"instock","10":"sale","11":"shipping-taxable","12":"product-type-external"},"_links":{"self":[{"href":"https:\/\/www.vbdivulg.com\/index.php\/wp-json\/wp\/v2\/product\/9169","targetHints":{"allow":["GET"]}}],"collection":[{"href":"https:\/\/www.vbdivulg.com\/index.php\/wp-json\/wp\/v2\/product"}],"about":[{"href":"https:\/\/www.vbdivulg.com\/index.php\/wp-json\/wp\/v2\/types\/product"}],"replies":[{"embeddable":true,"href":"https:\/\/www.vbdivulg.com\/index.php\/wp-json\/wp\/v2\/comments?post=9169"}],"wp:featuredmedia":[{"embeddable":true,"href":"https:\/\/www.vbdivulg.com\/index.php\/wp-json\/wp\/v2\/media\/9170"}],"wp:attachment":[{"href":"https:\/\/www.vbdivulg.com\/index.php\/wp-json\/wp\/v2\/media?parent=9169"}],"curies":[{"name":"wp","href":"https:\/\/api.w.org\/{rel}","templated":true}]}}