{"id":9173,"date":"2023-10-07T20:38:27","date_gmt":"2023-10-07T23:38:27","guid":{"rendered":"https:\/\/www.vbdivulg.com\/?post_type=product&#038;p=9173"},"modified":"2023-10-07T20:38:28","modified_gmt":"2023-10-07T23:38:28","slug":"escova-dental-oral-b-purification-gold-collection-4-unidades","status":"publish","type":"product","link":"https:\/\/www.vbdivulg.com\/index.php\/produto\/escova-dental-oral-b-purification-gold-collection-4-unidades\/","title":{"rendered":"Escova Dental Oral-B Purification Gold Collection &#8211; 4 Unidades"},"content":{"rendered":"","protected":false},"excerpt":{"rendered":"<p><strong>\ud83e\uddb7 Com minerais de carv\u00e3o\u203c\ufe0f<\/strong><\/p>\n<p><strong>Escova Dental Oral-B Purification Gold Collection &#8211; 4 Unidades<\/strong><\/p>\n<p><strong>\ud83d\udd25 Por: R$ 32,99 \u00e0 vista<\/strong><\/p>\n<p><strong>\u26a0\ufe0f Oferta v\u00e1lida para hoje, 07\/10\/2023, podendo encerrar a qualquer momento!!!<\/strong><\/p>\n<p><strong>\u2712\ufe0f Seja prime, primeiro m\u00eas \u00e9 gr\u00e1tis e pode cancelar quando quiser (inclusive no primeiro m\u00eas): <a href=\"https:\/\/amzn.to\/3xyV8G9\">https:\/\/amzn.to\/3xyV8G9<\/a><\/strong><\/p>\n","protected":false},"featured_media":9174,"comment_status":"open","ping_status":"closed","template":"","meta":[],"class_list":{"0":"post-9173","1":"product","2":"type-product","3":"status-publish","4":"has-post-thumbnail","6":"product_cat-saude","8":"first","9":"instock","10":"sale","11":"shipping-taxable","12":"product-type-external"},"_links":{"self":[{"href":"https:\/\/www.vbdivulg.com\/index.php\/wp-json\/wp\/v2\/product\/9173","targetHints":{"allow":["GET"]}}],"collection":[{"href":"https:\/\/www.vbdivulg.com\/index.php\/wp-json\/wp\/v2\/product"}],"about":[{"href":"https:\/\/www.vbdivulg.com\/index.php\/wp-json\/wp\/v2\/types\/product"}],"replies":[{"embeddable":true,"href":"https:\/\/www.vbdivulg.com\/index.php\/wp-json\/wp\/v2\/comments?post=9173"}],"wp:featuredmedia":[{"embeddable":true,"href":"https:\/\/www.vbdivulg.com\/index.php\/wp-json\/wp\/v2\/media\/9174"}],"wp:attachment":[{"href":"https:\/\/www.vbdivulg.com\/index.php\/wp-json\/wp\/v2\/media?parent=9173"}],"curies":[{"name":"wp","href":"https:\/\/api.w.org\/{rel}","templated":true}]}}