{"id":9197,"date":"2023-10-09T20:22:34","date_gmt":"2023-10-09T23:22:34","guid":{"rendered":"https:\/\/www.vbdivulg.com\/?post_type=product&#038;p=9197"},"modified":"2023-10-09T20:22:34","modified_gmt":"2023-10-09T23:22:34","slug":"adaptador-de-corrente-usb-c-de-20-w","status":"publish","type":"product","link":"https:\/\/www.vbdivulg.com\/index.php\/produto\/adaptador-de-corrente-usb-c-de-20-w\/","title":{"rendered":"Adaptador de corrente USB-C de 20 W"},"content":{"rendered":"","protected":false},"excerpt":{"rendered":"<p><strong>\ud83d\udd0c Original Apple \ud83c\udf4e<\/strong><\/p>\n<p><strong>Adaptador de corrente USB-C de 20 W<\/strong><\/p>\n<p><strong>\ud83d\udd25 Por: R$ 128,99 \u00e0 vista<\/strong><br \/>\n<strong>\ud83d\udd25 Por: R$ 135,79 em at\u00e9 2x<\/strong><\/p>\n<p><strong>\u26a0\ufe0f Oferta v\u00e1lida para hoje, 09\/10\/2023, podendo encerrar a qualquer momento!!!<\/strong><\/p>\n<p><strong>\u2712\ufe0f Seja prime, primeiro m\u00eas \u00e9 gr\u00e1tis e pode cancelar quando quiser (inclusive no primeiro m\u00eas): <a href=\"https:\/\/amzn.to\/3xyV8G9\">https:\/\/amzn.to\/3xyV8G9<\/a><\/strong><\/p>\n","protected":false},"featured_media":9198,"comment_status":"open","ping_status":"closed","template":"","meta":[],"class_list":{"0":"post-9197","1":"product","2":"type-product","3":"status-publish","4":"has-post-thumbnail","6":"product_cat-smartphones","8":"first","9":"instock","10":"sale","11":"shipping-taxable","12":"product-type-external"},"_links":{"self":[{"href":"https:\/\/www.vbdivulg.com\/index.php\/wp-json\/wp\/v2\/product\/9197","targetHints":{"allow":["GET"]}}],"collection":[{"href":"https:\/\/www.vbdivulg.com\/index.php\/wp-json\/wp\/v2\/product"}],"about":[{"href":"https:\/\/www.vbdivulg.com\/index.php\/wp-json\/wp\/v2\/types\/product"}],"replies":[{"embeddable":true,"href":"https:\/\/www.vbdivulg.com\/index.php\/wp-json\/wp\/v2\/comments?post=9197"}],"wp:featuredmedia":[{"embeddable":true,"href":"https:\/\/www.vbdivulg.com\/index.php\/wp-json\/wp\/v2\/media\/9198"}],"wp:attachment":[{"href":"https:\/\/www.vbdivulg.com\/index.php\/wp-json\/wp\/v2\/media?parent=9197"}],"curies":[{"name":"wp","href":"https:\/\/api.w.org\/{rel}","templated":true}]}}