{"id":9221,"date":"2023-11-03T20:07:41","date_gmt":"2023-11-03T23:07:41","guid":{"rendered":"https:\/\/www.vbdivulg.com\/?post_type=product&#038;p=9221"},"modified":"2023-11-03T20:07:41","modified_gmt":"2023-11-03T23:07:41","slug":"monitor-gamer-aoc-speed-24-75hz-ips-1ms-24g2he5-2","status":"publish","type":"product","link":"https:\/\/www.vbdivulg.com\/index.php\/produto\/monitor-gamer-aoc-speed-24-75hz-ips-1ms-24g2he5-2\/","title":{"rendered":"Monitor Gamer AOC SPEED 24 75Hz IPS 1ms 24G2HE5"},"content":{"rendered":"","protected":false},"excerpt":{"rendered":"<p><strong>24&#8243; 75Hz IPS\u2757\ufe0f<\/strong><\/p>\n<p><strong>Monitor Gamer AOC SPEED 24 75Hz IPS 1ms 24G2HE5<\/strong><\/p>\n<p><strong>\ud83d\udd25 Por: R$ 599,90 \u00e0 vista<\/strong><\/p>\n<p><strong>\u26a0\ufe0f Oferta v\u00e1lida para hoje, 03\/11\/2023, podendo encerrar a qualquer momento!!!<\/strong><\/p>\n<p><strong>\u2712\ufe0f Seja prime, primeiro m\u00eas \u00e9 gr\u00e1tis e pode cancelar quando quiser (inclusive no primeiro m\u00eas): <a href=\"https:\/\/amzn.to\/3xyV8G9\">https:\/\/amzn.to\/3xyV8G9<\/a><\/strong><\/p>\n","protected":false},"featured_media":9222,"comment_status":"open","ping_status":"closed","template":"","meta":[],"class_list":{"0":"post-9221","1":"product","2":"type-product","3":"status-publish","4":"has-post-thumbnail","6":"product_cat-games-e-consoles","8":"first","9":"instock","10":"sale","11":"shipping-taxable","12":"product-type-external"},"_links":{"self":[{"href":"https:\/\/www.vbdivulg.com\/index.php\/wp-json\/wp\/v2\/product\/9221","targetHints":{"allow":["GET"]}}],"collection":[{"href":"https:\/\/www.vbdivulg.com\/index.php\/wp-json\/wp\/v2\/product"}],"about":[{"href":"https:\/\/www.vbdivulg.com\/index.php\/wp-json\/wp\/v2\/types\/product"}],"replies":[{"embeddable":true,"href":"https:\/\/www.vbdivulg.com\/index.php\/wp-json\/wp\/v2\/comments?post=9221"}],"wp:featuredmedia":[{"embeddable":true,"href":"https:\/\/www.vbdivulg.com\/index.php\/wp-json\/wp\/v2\/media\/9222"}],"wp:attachment":[{"href":"https:\/\/www.vbdivulg.com\/index.php\/wp-json\/wp\/v2\/media?parent=9221"}],"curies":[{"name":"wp","href":"https:\/\/api.w.org\/{rel}","templated":true}]}}