{"id":9225,"date":"2023-11-03T20:12:57","date_gmt":"2023-11-03T23:12:57","guid":{"rendered":"https:\/\/www.vbdivulg.com\/?post_type=product&#038;p=9225"},"modified":"2023-11-03T20:29:06","modified_gmt":"2023-11-03T23:29:06","slug":"micro-ondas-ms37r-27l-prata-110v-electrolux","status":"publish","type":"product","link":"https:\/\/www.vbdivulg.com\/index.php\/produto\/micro-ondas-ms37r-27l-prata-110v-electrolux\/","title":{"rendered":"Micro-Ondas, MS37R, 27L, Prata, 110v, Electrolux"},"content":{"rendered":"","protected":false},"excerpt":{"rendered":"<p><strong>\u2668\ufe0f 27 Litros<\/strong><\/p>\n<p><strong>Micro-Ondas, MS37R, 27L, Prata, 110v, Electrolux<\/strong><\/p>\n<p><strong>\ud83d\udd25 Por: R$ 649,00 em at\u00e9 10x<\/strong><\/p>\n<p><strong>\u26a0\ufe0f Oferta v\u00e1lida para hoje, 03\/11\/2023, podendo encerrar a qualquer momento!!!<\/strong><\/p>\n<p><strong>\u2712\ufe0f Seja prime, primeiro m\u00eas \u00e9 gr\u00e1tis e pode cancelar quando quiser (inclusive no primeiro m\u00eas): <a href=\"https:\/\/amzn.to\/3xyV8G9\">https:\/\/amzn.to\/3xyV8G9<\/a><\/strong><\/p>\n","protected":false},"featured_media":9240,"comment_status":"open","ping_status":"closed","template":"","meta":[],"class_list":{"0":"post-9225","1":"product","2":"type-product","3":"status-publish","4":"has-post-thumbnail","6":"product_cat-eletrodomesticos","8":"first","9":"instock","10":"sale","11":"shipping-taxable","12":"product-type-external"},"_links":{"self":[{"href":"https:\/\/www.vbdivulg.com\/index.php\/wp-json\/wp\/v2\/product\/9225","targetHints":{"allow":["GET"]}}],"collection":[{"href":"https:\/\/www.vbdivulg.com\/index.php\/wp-json\/wp\/v2\/product"}],"about":[{"href":"https:\/\/www.vbdivulg.com\/index.php\/wp-json\/wp\/v2\/types\/product"}],"replies":[{"embeddable":true,"href":"https:\/\/www.vbdivulg.com\/index.php\/wp-json\/wp\/v2\/comments?post=9225"}],"wp:featuredmedia":[{"embeddable":true,"href":"https:\/\/www.vbdivulg.com\/index.php\/wp-json\/wp\/v2\/media\/9240"}],"wp:attachment":[{"href":"https:\/\/www.vbdivulg.com\/index.php\/wp-json\/wp\/v2\/media?parent=9225"}],"curies":[{"name":"wp","href":"https:\/\/api.w.org\/{rel}","templated":true}]}}