{"id":9226,"date":"2023-11-03T20:15:50","date_gmt":"2023-11-03T23:15:50","guid":{"rendered":"https:\/\/www.vbdivulg.com\/?post_type=product&#038;p=9226"},"modified":"2023-11-03T20:15:50","modified_gmt":"2023-11-03T23:15:50","slug":"geladeira-brastemp-french-door-frost-free-a-554l-inox-bro85ak-220v","status":"publish","type":"product","link":"https:\/\/www.vbdivulg.com\/index.php\/produto\/geladeira-brastemp-french-door-frost-free-a-554l-inox-bro85ak-220v\/","title":{"rendered":"Geladeira Brastemp French Door Frost Free A+++ 554l Inox Bro85ak &#8211; 220v"},"content":{"rendered":"","protected":false},"excerpt":{"rendered":"<p><strong>\ud83d\ude31 554 Litros<\/strong><\/p>\n<p><strong>Geladeira Brastemp French Door Frost Free A+++ 554l Inox Bro85ak &#8211; 220v<\/strong><\/p>\n<p><strong>\ud83d\udca1 Click em \u201cAplicar Cupom\u201d para aplicar o desconto. Ap\u00f3s clicar, o cupom de desconto ser\u00e1 aplicado automaticamente.<\/strong><\/p>\n<p><strong>\ud83d\udd25 Por: R$ 5.624,10 em at\u00e9 10x<\/strong><\/p>\n<p><strong>\u26a0\ufe0f Oferta v\u00e1lida para hoje, 03\/11\/2023, podendo encerrar a qualquer momento!!!<\/strong><\/p>\n<p><strong>\u2712\ufe0f Seja prime, primeiro m\u00eas \u00e9 gr\u00e1tis e pode cancelar quando quiser (inclusive no primeiro m\u00eas): <a href=\"https:\/\/amzn.to\/3xyV8G9\">https:\/\/amzn.to\/3xyV8G9<\/a><\/strong><\/p>\n","protected":false},"featured_media":9227,"comment_status":"open","ping_status":"closed","template":"","meta":[],"class_list":{"0":"post-9226","1":"product","2":"type-product","3":"status-publish","4":"has-post-thumbnail","6":"product_cat-eletrodomesticos","8":"first","9":"instock","10":"sale","11":"shipping-taxable","12":"product-type-external"},"_links":{"self":[{"href":"https:\/\/www.vbdivulg.com\/index.php\/wp-json\/wp\/v2\/product\/9226","targetHints":{"allow":["GET"]}}],"collection":[{"href":"https:\/\/www.vbdivulg.com\/index.php\/wp-json\/wp\/v2\/product"}],"about":[{"href":"https:\/\/www.vbdivulg.com\/index.php\/wp-json\/wp\/v2\/types\/product"}],"replies":[{"embeddable":true,"href":"https:\/\/www.vbdivulg.com\/index.php\/wp-json\/wp\/v2\/comments?post=9226"}],"wp:featuredmedia":[{"embeddable":true,"href":"https:\/\/www.vbdivulg.com\/index.php\/wp-json\/wp\/v2\/media\/9227"}],"wp:attachment":[{"href":"https:\/\/www.vbdivulg.com\/index.php\/wp-json\/wp\/v2\/media?parent=9226"}],"curies":[{"name":"wp","href":"https:\/\/api.w.org\/{rel}","templated":true}]}}