{"id":9244,"date":"2023-11-09T21:03:51","date_gmt":"2023-11-10T00:03:51","guid":{"rendered":"https:\/\/www.vbdivulg.com\/?post_type=product&#038;p=9244"},"modified":"2023-11-09T21:03:51","modified_gmt":"2023-11-10T00:03:51","slug":"oster-oliq610-1400-full-liquidificador-32l-1400w-preto","status":"publish","type":"product","link":"https:\/\/www.vbdivulg.com\/index.php\/produto\/oster-oliq610-1400-full-liquidificador-32l-1400w-preto\/","title":{"rendered":"Oster OLIQ610 1400 Full &#8211; Liquidificador, 3,2L, 1400W, Preto"},"content":{"rendered":"","protected":false},"excerpt":{"rendered":"<p><strong>\ud83c\udf4c\ud83c\udf53 Super Potente: 1400W<\/strong><\/p>\n<p><strong>Oster OLIQ610 1400 Full &#8211; Liquidificador, 3,2L, 1400W, Preto<\/strong><\/p>\n<p><strong>\ud83d\udd25 Por: R$ 159,61 \u00e0 vista<\/strong><br \/>\n<strong>\ud83d\udd25 Por: R$ 178,93 em at\u00e9 3x<\/strong><\/p>\n<p><strong>\ud83d\uddd3 Oferta v\u00e1lida para hoje, 09\/11\/2023, podendo encerrar a qualquer momento!!!<\/strong><\/p>\n<p><strong>\u2712\ufe0f Seja prime, primeiro m\u00eas \u00e9 gr\u00e1tis e pode cancelar quando quiser (inclusive no primeiro m\u00eas): <a href=\"https:\/\/amzn.to\/3xyV8G9\">https:\/\/amzn.to\/3xyV8G9<\/a><\/strong><\/p>\n","protected":false},"featured_media":9245,"comment_status":"open","ping_status":"closed","template":"","meta":[],"class_list":{"0":"post-9244","1":"product","2":"type-product","3":"status-publish","4":"has-post-thumbnail","6":"product_cat-eletrodomesticos","8":"first","9":"instock","10":"sale","11":"shipping-taxable","12":"product-type-external"},"_links":{"self":[{"href":"https:\/\/www.vbdivulg.com\/index.php\/wp-json\/wp\/v2\/product\/9244","targetHints":{"allow":["GET"]}}],"collection":[{"href":"https:\/\/www.vbdivulg.com\/index.php\/wp-json\/wp\/v2\/product"}],"about":[{"href":"https:\/\/www.vbdivulg.com\/index.php\/wp-json\/wp\/v2\/types\/product"}],"replies":[{"embeddable":true,"href":"https:\/\/www.vbdivulg.com\/index.php\/wp-json\/wp\/v2\/comments?post=9244"}],"wp:featuredmedia":[{"embeddable":true,"href":"https:\/\/www.vbdivulg.com\/index.php\/wp-json\/wp\/v2\/media\/9245"}],"wp:attachment":[{"href":"https:\/\/www.vbdivulg.com\/index.php\/wp-json\/wp\/v2\/media?parent=9244"}],"curies":[{"name":"wp","href":"https:\/\/api.w.org\/{rel}","templated":true}]}}