{"id":9253,"date":"2023-11-09T21:12:18","date_gmt":"2023-11-10T00:12:18","guid":{"rendered":"https:\/\/www.vbdivulg.com\/?post_type=product&#038;p=9253"},"modified":"2023-11-09T21:12:19","modified_gmt":"2023-11-10T00:12:19","slug":"omo-lava-roupas-po-lavagem-perfeita-pacote-familia-4-kg-2","status":"publish","type":"product","link":"https:\/\/www.vbdivulg.com\/index.php\/produto\/omo-lava-roupas-po-lavagem-perfeita-pacote-familia-4-kg-2\/","title":{"rendered":"OMO Lava-Roupas P\u00f3 Lavagem Perfeita Pacote Fam\u00edlia &#8211; 4 kg"},"content":{"rendered":"","protected":false},"excerpt":{"rendered":"<p><strong>\ud83e\uddfc \u00c9 4KG, OMO Tamanho Fam\u00edlia!<\/strong><\/p>\n<p><strong>OMO Lava-Roupas P\u00f3 Lavagem Perfeita Pacote Fam\u00edlia &#8211; 4 kg<\/strong><\/p>\n<p><strong>\ud83d\udd25 Por: R$ 44,90 \u00e0 vista<\/strong><\/p>\n<p><strong>\u26a0\ufe0fOferta v\u00e1lida para hoje, 09\/11\/2023, podendo encerrar a qualquer momento!!!<\/strong><\/p>\n<p><strong>\u2712\ufe0f Seja prime, primeiro m\u00eas \u00e9 gr\u00e1tis e pode cancelar quando quiser (inclusive no primeiro m\u00eas): <a href=\"https:\/\/amzn.to\/3xyV8G9\">https:\/\/amzn.to\/3xyV8G9<\/a><\/strong><\/p>\n","protected":false},"featured_media":9254,"comment_status":"open","ping_status":"closed","template":"","meta":[],"class_list":{"0":"post-9253","1":"product","2":"type-product","3":"status-publish","4":"has-post-thumbnail","6":"product_cat-material-de-limpeza","8":"first","9":"instock","10":"sale","11":"shipping-taxable","12":"product-type-external"},"_links":{"self":[{"href":"https:\/\/www.vbdivulg.com\/index.php\/wp-json\/wp\/v2\/product\/9253","targetHints":{"allow":["GET"]}}],"collection":[{"href":"https:\/\/www.vbdivulg.com\/index.php\/wp-json\/wp\/v2\/product"}],"about":[{"href":"https:\/\/www.vbdivulg.com\/index.php\/wp-json\/wp\/v2\/types\/product"}],"replies":[{"embeddable":true,"href":"https:\/\/www.vbdivulg.com\/index.php\/wp-json\/wp\/v2\/comments?post=9253"}],"wp:featuredmedia":[{"embeddable":true,"href":"https:\/\/www.vbdivulg.com\/index.php\/wp-json\/wp\/v2\/media\/9254"}],"wp:attachment":[{"href":"https:\/\/www.vbdivulg.com\/index.php\/wp-json\/wp\/v2\/media?parent=9253"}],"curies":[{"name":"wp","href":"https:\/\/api.w.org\/{rel}","templated":true}]}}