{"id":9257,"date":"2023-11-09T21:16:33","date_gmt":"2023-11-10T00:16:33","guid":{"rendered":"https:\/\/www.vbdivulg.com\/?post_type=product&#038;p=9257"},"modified":"2024-03-25T05:05:55","modified_gmt":"2024-03-25T08:05:55","slug":"curaprox-pink-edition-cs-5460-ultrasoft-ed-limitada-6-un","status":"publish","type":"product","link":"https:\/\/www.vbdivulg.com\/index.php\/produto\/curaprox-pink-edition-cs-5460-ultrasoft-ed-limitada-6-un\/","title":{"rendered":"Curaprox Pink Edition Cs 5460 Ultrasoft Ed. Limitada (6 un)"},"content":{"rendered":"","protected":false},"excerpt":{"rendered":"<p><strong>Curaprox Pink Edition Cs 5460 Ultrasoft Ed. Limitada (6 un)<\/strong><\/p>\n<p><strong>\ud83d\udd25 Por: R$ 161,50 em at\u00e9 3x<\/strong><\/p>\n<p><strong>\ud83d\uddd3 Oferta v\u00e1lida para hoje, 09\/11\/2023, podendo encerrar a qualquer momento!!!<\/strong><\/p>\n<p><strong>\u2712\ufe0f Seja prime, primeiro m\u00eas \u00e9 gr\u00e1tis e pode cancelar quando quiser (inclusive no primeiro m\u00eas): <a href=\"https:\/\/amzn.to\/3xyV8G9\">https:\/\/amzn.to\/3xyV8G9<\/a><\/strong><\/p>\n","protected":false},"featured_media":9258,"comment_status":"open","ping_status":"closed","template":"","meta":[],"class_list":{"0":"post-9257","1":"product","2":"type-product","3":"status-publish","4":"has-post-thumbnail","6":"product_cat-saude","8":"first","9":"instock","10":"sale","11":"shipping-taxable","12":"product-type-external"},"_links":{"self":[{"href":"https:\/\/www.vbdivulg.com\/index.php\/wp-json\/wp\/v2\/product\/9257","targetHints":{"allow":["GET"]}}],"collection":[{"href":"https:\/\/www.vbdivulg.com\/index.php\/wp-json\/wp\/v2\/product"}],"about":[{"href":"https:\/\/www.vbdivulg.com\/index.php\/wp-json\/wp\/v2\/types\/product"}],"replies":[{"embeddable":true,"href":"https:\/\/www.vbdivulg.com\/index.php\/wp-json\/wp\/v2\/comments?post=9257"}],"wp:featuredmedia":[{"embeddable":true,"href":"https:\/\/www.vbdivulg.com\/index.php\/wp-json\/wp\/v2\/media\/9258"}],"wp:attachment":[{"href":"https:\/\/www.vbdivulg.com\/index.php\/wp-json\/wp\/v2\/media?parent=9257"}],"curies":[{"name":"wp","href":"https:\/\/api.w.org\/{rel}","templated":true}]}}