{"id":9259,"date":"2023-11-09T21:18:36","date_gmt":"2023-11-10T00:18:36","guid":{"rendered":"https:\/\/www.vbdivulg.com\/?post_type=product&#038;p=9259"},"modified":"2023-11-09T21:18:36","modified_gmt":"2023-11-10T00:18:36","slug":"intex-bote-inflavel-flamingo-rosa","status":"publish","type":"product","link":"https:\/\/www.vbdivulg.com\/index.php\/produto\/intex-bote-inflavel-flamingo-rosa\/","title":{"rendered":"Intex, Bote Infl\u00e1vel Flamingo Rosa"},"content":{"rendered":"","protected":false},"excerpt":{"rendered":"<p><strong>Bote Flamingo \ud83e\udda9 \u00d3tima para se divertir!<\/strong><\/p>\n<p><strong>Intex, Bote Infl\u00e1vel Flamingo Rosa<\/strong><\/p>\n<p><strong>\ud83d\udd25 R$ 119,90 parcelado<\/strong><\/p>\n<p><strong>\ud83d\uddd3 Oferta v\u00e1lida para hoje, 09\/11\/2023, podendo encerrar a qualquer momento!!!<\/strong><\/p>\n<p><strong>\u2712\ufe0f Seja prime, primeiro m\u00eas \u00e9 gr\u00e1tis e pode cancelar quando quiser (inclusive no primeiro m\u00eas):<a href=\"https:\/\/amzn.to\/3xyV8G9\">\u00a0https:\/\/amzn.to\/3xyV8G9<\/a><\/strong><\/p>\n","protected":false},"featured_media":9260,"comment_status":"open","ping_status":"closed","template":"","meta":[],"class_list":{"0":"post-9259","1":"product","2":"type-product","3":"status-publish","4":"has-post-thumbnail","6":"product_cat-brinquedos-e-colecionaveis","8":"first","9":"instock","10":"sale","11":"shipping-taxable","12":"product-type-external"},"_links":{"self":[{"href":"https:\/\/www.vbdivulg.com\/index.php\/wp-json\/wp\/v2\/product\/9259","targetHints":{"allow":["GET"]}}],"collection":[{"href":"https:\/\/www.vbdivulg.com\/index.php\/wp-json\/wp\/v2\/product"}],"about":[{"href":"https:\/\/www.vbdivulg.com\/index.php\/wp-json\/wp\/v2\/types\/product"}],"replies":[{"embeddable":true,"href":"https:\/\/www.vbdivulg.com\/index.php\/wp-json\/wp\/v2\/comments?post=9259"}],"wp:featuredmedia":[{"embeddable":true,"href":"https:\/\/www.vbdivulg.com\/index.php\/wp-json\/wp\/v2\/media\/9260"}],"wp:attachment":[{"href":"https:\/\/www.vbdivulg.com\/index.php\/wp-json\/wp\/v2\/media?parent=9259"}],"curies":[{"name":"wp","href":"https:\/\/api.w.org\/{rel}","templated":true}]}}