{"id":9300,"date":"2023-12-21T20:29:19","date_gmt":"2023-12-21T23:29:19","guid":{"rendered":"https:\/\/www.vbdivulg.com\/?post_type=product&#038;p=9300"},"modified":"2023-12-21T20:29:20","modified_gmt":"2023-12-21T23:29:20","slug":"vitafor-glutamax-300g","status":"publish","type":"product","link":"https:\/\/www.vbdivulg.com\/index.php\/produto\/vitafor-glutamax-300g\/","title":{"rendered":"Vitafor &#8211; GLUTAMAX 300g"},"content":{"rendered":"","protected":false},"excerpt":{"rendered":"<p><strong>Vitafor 300G! \ud83d\ude09<\/strong><\/p>\n<p><strong>Vitafor &#8211; GLUTAMAX 300g<\/strong><\/p>\n<p><strong>\ud83d\udd25R$ 59,60 \u00e0 vista<\/strong><\/p>\n<p><strong>\ud83d\uddd3 Oferta v\u00e1lida para hoje, 21\/12\/2023, podendo encerrar a qualquer momento!!!<\/strong><\/p>\n<p><strong>\u2712\ufe0f Seja prime, primeiro m\u00eas \u00e9 gr\u00e1tis e pode cancelar quando quiser (inclusive no primeiro m\u00eas): <a href=\"https:\/\/amzn.to\/3xyV8G9\">https:\/\/amzn.to\/3xyV8G9<\/a><\/strong><\/p>\n","protected":false},"featured_media":9301,"comment_status":"open","ping_status":"closed","template":"","meta":[],"class_list":{"0":"post-9300","1":"product","2":"type-product","3":"status-publish","4":"has-post-thumbnail","6":"product_cat-saude","8":"first","9":"instock","10":"sale","11":"shipping-taxable","12":"product-type-external"},"_links":{"self":[{"href":"https:\/\/www.vbdivulg.com\/index.php\/wp-json\/wp\/v2\/product\/9300","targetHints":{"allow":["GET"]}}],"collection":[{"href":"https:\/\/www.vbdivulg.com\/index.php\/wp-json\/wp\/v2\/product"}],"about":[{"href":"https:\/\/www.vbdivulg.com\/index.php\/wp-json\/wp\/v2\/types\/product"}],"replies":[{"embeddable":true,"href":"https:\/\/www.vbdivulg.com\/index.php\/wp-json\/wp\/v2\/comments?post=9300"}],"wp:featuredmedia":[{"embeddable":true,"href":"https:\/\/www.vbdivulg.com\/index.php\/wp-json\/wp\/v2\/media\/9301"}],"wp:attachment":[{"href":"https:\/\/www.vbdivulg.com\/index.php\/wp-json\/wp\/v2\/media?parent=9300"}],"curies":[{"name":"wp","href":"https:\/\/api.w.org\/{rel}","templated":true}]}}