{"id":9309,"date":"2023-12-22T14:15:51","date_gmt":"2023-12-22T17:15:51","guid":{"rendered":"https:\/\/www.vbdivulg.com\/?post_type=product&#038;p=9309"},"modified":"2023-12-22T14:15:51","modified_gmt":"2023-12-22T17:15:51","slug":"lancome-hypnose-drama-kit-coffret-mascara-de-cilios-lapis-de-olho-demaquilante","status":"publish","type":"product","link":"https:\/\/www.vbdivulg.com\/index.php\/produto\/lancome-hypnose-drama-kit-coffret-mascara-de-cilios-lapis-de-olho-demaquilante\/","title":{"rendered":"Lanc\u00f4me Hypn\u00f4se Drama Kit Coffret &#8211; M\u00e1scara de C\u00edlios + L\u00e1pis de Olho + Demaquilante"},"content":{"rendered":"","protected":false},"excerpt":{"rendered":"<p><strong>Kit perfeito, L\u00e2ncome \ud83d\udda4<\/strong><\/p>\n<p><strong>Lanc\u00f4me Hypn\u00f4se Drama Kit Coffret &#8211; M\u00e1scara de C\u00edlios + L\u00e1pis de Olho + Demaquilante<\/strong><\/p>\n<p><strong>\ud83d\udd25R$ 179,00 parcelado<\/strong><\/p>\n<p><strong>\ud83d\uddd3 Oferta v\u00e1lida para hoje, 22\/12\/2023, podendo encerrar a qualquer momento!!!<\/strong><\/p>\n","protected":false},"featured_media":9310,"comment_status":"open","ping_status":"closed","template":"","meta":[],"class_list":{"0":"post-9309","1":"product","2":"type-product","3":"status-publish","4":"has-post-thumbnail","6":"product_cat-beleza","8":"first","9":"instock","10":"sale","11":"shipping-taxable","12":"product-type-external"},"_links":{"self":[{"href":"https:\/\/www.vbdivulg.com\/index.php\/wp-json\/wp\/v2\/product\/9309","targetHints":{"allow":["GET"]}}],"collection":[{"href":"https:\/\/www.vbdivulg.com\/index.php\/wp-json\/wp\/v2\/product"}],"about":[{"href":"https:\/\/www.vbdivulg.com\/index.php\/wp-json\/wp\/v2\/types\/product"}],"replies":[{"embeddable":true,"href":"https:\/\/www.vbdivulg.com\/index.php\/wp-json\/wp\/v2\/comments?post=9309"}],"wp:featuredmedia":[{"embeddable":true,"href":"https:\/\/www.vbdivulg.com\/index.php\/wp-json\/wp\/v2\/media\/9310"}],"wp:attachment":[{"href":"https:\/\/www.vbdivulg.com\/index.php\/wp-json\/wp\/v2\/media?parent=9309"}],"curies":[{"name":"wp","href":"https:\/\/api.w.org\/{rel}","templated":true}]}}