{"id":9311,"date":"2023-12-22T14:18:20","date_gmt":"2023-12-22T17:18:20","guid":{"rendered":"https:\/\/www.vbdivulg.com\/?post_type=product&#038;p=9311"},"modified":"2023-12-22T14:18:20","modified_gmt":"2023-12-22T17:18:20","slug":"tenis-space-3-mizuno-masculino-tam-40","status":"publish","type":"product","link":"https:\/\/www.vbdivulg.com\/index.php\/produto\/tenis-space-3-mizuno-masculino-tam-40\/","title":{"rendered":"T\u00eanis Space 3, Mizuno, masculino Tam. 40"},"content":{"rendered":"","protected":false},"excerpt":{"rendered":"<p><strong>T\u00eanis Space 3, Mizuno, masculino Tam. 40<\/strong><\/p>\n<p><strong>\ud83d\udd25 Por: R$ 171,99 em at\u00e9 3x<\/strong><\/p>\n<p><strong>\ud83d\uddd3 Oferta v\u00e1lida para hoje, 22\/12\/2023, podendo encerrar a qualquer momento!!!<\/strong><\/p>\n<p><strong>\u2712\ufe0f Seja prime, primeiro m\u00eas \u00e9 gr\u00e1tis e pode cancelar quando quiser (inclusive no primeiro m\u00eas): <a href=\"https:\/\/amzn.to\/3xyV8G9\">https:\/\/amzn.to\/3xyV8G9<\/a><\/strong><\/p>\n","protected":false},"featured_media":9312,"comment_status":"open","ping_status":"closed","template":"","meta":[],"class_list":{"0":"post-9311","1":"product","2":"type-product","3":"status-publish","4":"has-post-thumbnail","6":"product_cat-esporte","8":"first","9":"instock","10":"sale","11":"shipping-taxable","12":"product-type-external"},"_links":{"self":[{"href":"https:\/\/www.vbdivulg.com\/index.php\/wp-json\/wp\/v2\/product\/9311","targetHints":{"allow":["GET"]}}],"collection":[{"href":"https:\/\/www.vbdivulg.com\/index.php\/wp-json\/wp\/v2\/product"}],"about":[{"href":"https:\/\/www.vbdivulg.com\/index.php\/wp-json\/wp\/v2\/types\/product"}],"replies":[{"embeddable":true,"href":"https:\/\/www.vbdivulg.com\/index.php\/wp-json\/wp\/v2\/comments?post=9311"}],"wp:featuredmedia":[{"embeddable":true,"href":"https:\/\/www.vbdivulg.com\/index.php\/wp-json\/wp\/v2\/media\/9312"}],"wp:attachment":[{"href":"https:\/\/www.vbdivulg.com\/index.php\/wp-json\/wp\/v2\/media?parent=9311"}],"curies":[{"name":"wp","href":"https:\/\/api.w.org\/{rel}","templated":true}]}}