{"id":9324,"date":"2023-12-26T17:57:14","date_gmt":"2023-12-26T20:57:14","guid":{"rendered":"https:\/\/www.vbdivulg.com\/?post_type=product&#038;p=9324"},"modified":"2023-12-26T17:57:14","modified_gmt":"2023-12-26T20:57:14","slug":"boca-rosa-by-payot-po-facial-solto-beauty-mate-1-marmore","status":"publish","type":"product","link":"https:\/\/www.vbdivulg.com\/index.php\/produto\/boca-rosa-by-payot-po-facial-solto-beauty-mate-1-marmore\/","title":{"rendered":"BOCA ROSA BY PAYOT Po Facial Solto, Beauty Mate 1 &#8211; M\u00e1rmore"},"content":{"rendered":"","protected":false},"excerpt":{"rendered":"<p><strong>BOCA ROSA BY PAYOT Po Facial Solto, Beauty Mate 1 &#8211; M\u00e1rmore<\/strong><\/p>\n<p><strong>\ud83d\udd25R$ 28,99 \u00e0 vista<\/strong><\/p>\n<p><strong>\ud83d\uddd3 Oferta v\u00e1lida para hoje, 26\/12\/2023, podendo encerrar a qualquer momento!!!<\/strong><\/p>\n<p><strong>\u2712\ufe0f Seja prime, primeiro m\u00eas \u00e9 gr\u00e1tis e pode cancelar quando quiser (inclusive no primeiro m\u00eas): <a href=\"https:\/\/amzn.to\/3xyV8G9\">https:\/\/amzn.to\/3xyV8G9<\/a><\/strong><\/p>\n","protected":false},"featured_media":9325,"comment_status":"open","ping_status":"closed","template":"","meta":[],"class_list":{"0":"post-9324","1":"product","2":"type-product","3":"status-publish","4":"has-post-thumbnail","6":"product_cat-beleza","8":"first","9":"instock","10":"sale","11":"shipping-taxable","12":"product-type-external"},"_links":{"self":[{"href":"https:\/\/www.vbdivulg.com\/index.php\/wp-json\/wp\/v2\/product\/9324","targetHints":{"allow":["GET"]}}],"collection":[{"href":"https:\/\/www.vbdivulg.com\/index.php\/wp-json\/wp\/v2\/product"}],"about":[{"href":"https:\/\/www.vbdivulg.com\/index.php\/wp-json\/wp\/v2\/types\/product"}],"replies":[{"embeddable":true,"href":"https:\/\/www.vbdivulg.com\/index.php\/wp-json\/wp\/v2\/comments?post=9324"}],"wp:featuredmedia":[{"embeddable":true,"href":"https:\/\/www.vbdivulg.com\/index.php\/wp-json\/wp\/v2\/media\/9325"}],"wp:attachment":[{"href":"https:\/\/www.vbdivulg.com\/index.php\/wp-json\/wp\/v2\/media?parent=9324"}],"curies":[{"name":"wp","href":"https:\/\/api.w.org\/{rel}","templated":true}]}}