{"id":9328,"date":"2023-12-26T18:02:59","date_gmt":"2023-12-26T21:02:59","guid":{"rendered":"https:\/\/www.vbdivulg.com\/?post_type=product&#038;p=9328"},"modified":"2023-12-26T18:02:59","modified_gmt":"2023-12-26T21:02:59","slug":"relogio-masculino-invicta-aviator-22523-pulseira-de-silicone-azul","status":"publish","type":"product","link":"https:\/\/www.vbdivulg.com\/index.php\/produto\/relogio-masculino-invicta-aviator-22523-pulseira-de-silicone-azul\/","title":{"rendered":"Rel\u00f3gio masculino Invicta Aviator 22523, pulseira de silicone, azul"},"content":{"rendered":"","protected":false},"excerpt":{"rendered":"<p><strong>\u231a\ufe0f Invicta<\/strong><\/p>\n<p><strong>Rel\u00f3gio masculino Invicta Aviator 22523, pulseira de silicone, azul<\/strong><\/p>\n<p><strong>\ud83d\udd25 Por: R$ 519,65 em at\u00e9 10x<\/strong><\/p>\n<p><strong>\ud83d\uddd3 Oferta v\u00e1lida para hoje, 26\/12\/2023, podendo encerrar a qualquer momento!!!<\/strong><\/p>\n<p><strong>\u2712\ufe0f Seja prime, primeiro m\u00eas \u00e9 gr\u00e1tis e pode cancelar quando quiser (inclusive no primeiro m\u00eas): <a href=\"https:\/\/amzn.to\/3xyV8G9\">https:\/\/amzn.to\/3xyV8G9<\/a><\/strong><\/p>\n","protected":false},"featured_media":9329,"comment_status":"open","ping_status":"closed","template":"","meta":[],"class_list":{"0":"post-9328","1":"product","2":"type-product","3":"status-publish","4":"has-post-thumbnail","6":"product_cat-joias","8":"first","9":"instock","10":"sale","11":"shipping-taxable","12":"product-type-external"},"_links":{"self":[{"href":"https:\/\/www.vbdivulg.com\/index.php\/wp-json\/wp\/v2\/product\/9328","targetHints":{"allow":["GET"]}}],"collection":[{"href":"https:\/\/www.vbdivulg.com\/index.php\/wp-json\/wp\/v2\/product"}],"about":[{"href":"https:\/\/www.vbdivulg.com\/index.php\/wp-json\/wp\/v2\/types\/product"}],"replies":[{"embeddable":true,"href":"https:\/\/www.vbdivulg.com\/index.php\/wp-json\/wp\/v2\/comments?post=9328"}],"wp:featuredmedia":[{"embeddable":true,"href":"https:\/\/www.vbdivulg.com\/index.php\/wp-json\/wp\/v2\/media\/9329"}],"wp:attachment":[{"href":"https:\/\/www.vbdivulg.com\/index.php\/wp-json\/wp\/v2\/media?parent=9328"}],"curies":[{"name":"wp","href":"https:\/\/api.w.org\/{rel}","templated":true}]}}