{"id":9348,"date":"2023-12-27T15:16:29","date_gmt":"2023-12-27T18:16:29","guid":{"rendered":"https:\/\/www.vbdivulg.com\/?post_type=product&#038;p=9348"},"modified":"2023-12-27T15:16:29","modified_gmt":"2023-12-27T18:16:29","slug":"duo-shower-quadra-turbo-multitempreaturas-220v-6800w-lorenzetti-7511044-branco-pequeno","status":"publish","type":"product","link":"https:\/\/www.vbdivulg.com\/index.php\/produto\/duo-shower-quadra-turbo-multitempreaturas-220v-6800w-lorenzetti-7511044-branco-pequeno\/","title":{"rendered":"Duo Shower Quadra Turbo Multitempreaturas 220V 6800W, Lorenzetti, 7511044, Branco, Pequeno"},"content":{"rendered":"","protected":false},"excerpt":{"rendered":"<p><strong>Duo Shower Quadra Turbo \ud83d\udebf<\/strong><\/p>\n<p><strong>Duo Shower Quadra Turbo Multitempr<\/strong><strong>e<\/strong><strong>aturas 220V 6800W, Lorenzetti, 7511044, Branco, Pequeno<\/strong><\/p>\n<p><strong>\ud83d\udd25 Por: R$ 229,41 \u00e0 vista<\/strong><br \/>\n<strong>\ud83d\udd25 Por: R$ 254,90 em at\u00e9 5x<\/strong><\/p>\n<p><strong>\ud83d\uddd3 Oferta v\u00e1lida para hoje, 27\/12\/2023, podendo encerrar a qualquer momento!!!<\/strong><\/p>\n<p><strong>\u2712\ufe0f Seja prime, primeiro m\u00eas \u00e9 gr\u00e1tis e pode cancelar quando quiser (inclusive no primeiro m\u00eas): <a href=\"https:\/\/amzn.to\/3xyV8G9\">https:\/\/amzn.to\/3xyV8G9<\/a><\/strong><\/p>\n","protected":false},"featured_media":9349,"comment_status":"open","ping_status":"closed","template":"","meta":[],"class_list":{"0":"post-9348","1":"product","2":"type-product","3":"status-publish","4":"has-post-thumbnail","6":"product_cat-cama-mesa-e-banho","8":"first","9":"instock","10":"sale","11":"shipping-taxable","12":"product-type-external"},"_links":{"self":[{"href":"https:\/\/www.vbdivulg.com\/index.php\/wp-json\/wp\/v2\/product\/9348","targetHints":{"allow":["GET"]}}],"collection":[{"href":"https:\/\/www.vbdivulg.com\/index.php\/wp-json\/wp\/v2\/product"}],"about":[{"href":"https:\/\/www.vbdivulg.com\/index.php\/wp-json\/wp\/v2\/types\/product"}],"replies":[{"embeddable":true,"href":"https:\/\/www.vbdivulg.com\/index.php\/wp-json\/wp\/v2\/comments?post=9348"}],"wp:featuredmedia":[{"embeddable":true,"href":"https:\/\/www.vbdivulg.com\/index.php\/wp-json\/wp\/v2\/media\/9349"}],"wp:attachment":[{"href":"https:\/\/www.vbdivulg.com\/index.php\/wp-json\/wp\/v2\/media?parent=9348"}],"curies":[{"name":"wp","href":"https:\/\/api.w.org\/{rel}","templated":true}]}}