{"id":9366,"date":"2023-12-28T19:27:34","date_gmt":"2023-12-28T22:27:34","guid":{"rendered":"https:\/\/www.vbdivulg.com\/?post_type=product&#038;p=9366"},"modified":"2023-12-28T19:27:35","modified_gmt":"2023-12-28T22:27:35","slug":"liquidificador-turbo-power-mondial-preto-550w-220v-l-99-fb","status":"publish","type":"product","link":"https:\/\/www.vbdivulg.com\/index.php\/produto\/liquidificador-turbo-power-mondial-preto-550w-220v-l-99-fb\/","title":{"rendered":"Liquidificador Turbo Power, Mondial, Preto, 550W, 220V &#8211; L-99 FB"},"content":{"rendered":"","protected":false},"excerpt":{"rendered":"<p><strong>TURBO 550W de pot\u00eancia\u2757\ufe0f<\/strong><\/p>\n<p><strong>Liquidificador Turbo Power, Mondial, Preto, 550W, 220V &#8211; L-99 FB<\/strong><\/p>\n<p><strong>\ud83d\udd25 Por: R$ 96,91 \u00e0 vista<\/strong><\/p>\n<p><strong>\u26a0\ufe0f Oferta v\u00e1lida para hoje, 28\/12\/2023, podendo encerrar a qualquer momento!!!<\/strong><\/p>\n<p><strong>\u2712\ufe0f Seja prime, primeiro m\u00eas \u00e9 gr\u00e1tis e pode cancelar quando quiser (inclusive no primeiro m\u00eas): <a href=\"https:\/\/amzn.to\/3xyV8G9\">https:\/\/amzn.to\/3xyV8G9<\/a><\/strong><\/p>\n","protected":false},"featured_media":9367,"comment_status":"open","ping_status":"closed","template":"","meta":[],"class_list":{"0":"post-9366","1":"product","2":"type-product","3":"status-publish","4":"has-post-thumbnail","6":"product_cat-eletrodomesticos","8":"first","9":"instock","10":"sale","11":"shipping-taxable","12":"product-type-external"},"_links":{"self":[{"href":"https:\/\/www.vbdivulg.com\/index.php\/wp-json\/wp\/v2\/product\/9366","targetHints":{"allow":["GET"]}}],"collection":[{"href":"https:\/\/www.vbdivulg.com\/index.php\/wp-json\/wp\/v2\/product"}],"about":[{"href":"https:\/\/www.vbdivulg.com\/index.php\/wp-json\/wp\/v2\/types\/product"}],"replies":[{"embeddable":true,"href":"https:\/\/www.vbdivulg.com\/index.php\/wp-json\/wp\/v2\/comments?post=9366"}],"wp:featuredmedia":[{"embeddable":true,"href":"https:\/\/www.vbdivulg.com\/index.php\/wp-json\/wp\/v2\/media\/9367"}],"wp:attachment":[{"href":"https:\/\/www.vbdivulg.com\/index.php\/wp-json\/wp\/v2\/media?parent=9366"}],"curies":[{"name":"wp","href":"https:\/\/api.w.org\/{rel}","templated":true}]}}