{"id":9378,"date":"2024-01-02T16:46:58","date_gmt":"2024-01-02T19:46:58","guid":{"rendered":"https:\/\/www.vbdivulg.com\/?post_type=product&#038;p=9378"},"modified":"2026-05-04T16:56:08","modified_gmt":"2026-05-04T19:56:08","slug":"tela-mosquiteiro-com-velcro-protej-branca","status":"publish","type":"product","link":"https:\/\/www.vbdivulg.com\/index.php\/produto\/tela-mosquiteiro-com-velcro-protej-branca\/","title":{"rendered":"Tela Mosquiteiro Com Velcro Protej Branca"},"content":{"rendered":"","protected":false},"excerpt":{"rendered":"<p><strong>X\u00f4 mosquito \ud83e\udd9f S\u00e3o v\u00e1rios tamanhos<\/strong><\/p>\n<p><strong>Tela Mosquiteiro Com Velcro Protej Branca<\/strong><\/p>\n<p><strong>\ud83d\udd25 R$ 25,90 \u00e0 vista<\/strong><\/p>\n<p><strong>\ud83d\uddd3 Oferta v\u00e1lida para hoje, 02\/01\/2024, podendo encerrar a qualquer momento!!!<\/strong><\/p>\n<p><strong>\u2712\ufe0f Seja prime, primeiro m\u00eas \u00e9 gr\u00e1tis e pode cancelar quando quiser (inclusive no primeiro m\u00eas): <a href=\"https:\/\/amzn.to\/3xyV8G9\">https:\/\/amzn.to\/3xyV8G9<\/a><\/strong><\/p>\n","protected":false},"featured_media":9379,"comment_status":"open","ping_status":"closed","template":"","meta":[],"class_list":{"0":"post-9378","1":"product","2":"type-product","3":"status-publish","4":"has-post-thumbnail","6":"product_cat-casa-e-construcao","8":"first","9":"instock","10":"sale","11":"shipping-taxable","12":"product-type-external"},"_links":{"self":[{"href":"https:\/\/www.vbdivulg.com\/index.php\/wp-json\/wp\/v2\/product\/9378","targetHints":{"allow":["GET"]}}],"collection":[{"href":"https:\/\/www.vbdivulg.com\/index.php\/wp-json\/wp\/v2\/product"}],"about":[{"href":"https:\/\/www.vbdivulg.com\/index.php\/wp-json\/wp\/v2\/types\/product"}],"replies":[{"embeddable":true,"href":"https:\/\/www.vbdivulg.com\/index.php\/wp-json\/wp\/v2\/comments?post=9378"}],"wp:featuredmedia":[{"embeddable":true,"href":"https:\/\/www.vbdivulg.com\/index.php\/wp-json\/wp\/v2\/media\/9379"}],"wp:attachment":[{"href":"https:\/\/www.vbdivulg.com\/index.php\/wp-json\/wp\/v2\/media?parent=9378"}],"curies":[{"name":"wp","href":"https:\/\/api.w.org\/{rel}","templated":true}]}}