{"id":9384,"date":"2024-01-02T16:52:22","date_gmt":"2024-01-02T19:52:22","guid":{"rendered":"https:\/\/www.vbdivulg.com\/?post_type=product&#038;p=9384"},"modified":"2024-01-02T16:52:22","modified_gmt":"2024-01-02T19:52:22","slug":"oster-oliq605-liquidificador-32l-220v-1100w-branco","status":"publish","type":"product","link":"https:\/\/www.vbdivulg.com\/index.php\/produto\/oster-oliq605-liquidificador-32l-220v-1100w-branco\/","title":{"rendered":"Oster OLIQ605 &#8211; Liquidificador, 3,2L, 220V, 1100W, Branco"},"content":{"rendered":"","protected":false},"excerpt":{"rendered":"<p><strong>Modelo robusto\u203c\ufe0f OSTER 1100W<\/strong><\/p>\n<p><strong>Oster OLIQ605 &#8211; Liquidificador, 3,2L, 220V, 1100W, Branco<\/strong><\/p>\n<p><strong>\ud83d\udd25 Por: R$ 149,98 em at\u00e9 2x<\/strong><\/p>\n<p><strong>\ud83d\uddd3 Oferta v\u00e1lida para hoje, 02\/01\/2024, podendo encerrar a qualquer momento!!!<\/strong><\/p>\n<p><strong>\u2712\ufe0f Seja prime, primeiro m\u00eas \u00e9 gr\u00e1tis e pode cancelar quando quiser (inclusive no primeiro m\u00eas): <a href=\"https:\/\/amzn.to\/3xyV8G9\">https:\/\/amzn.to\/3xyV8G9<\/a><\/strong><\/p>\n","protected":false},"featured_media":9385,"comment_status":"open","ping_status":"closed","template":"","meta":[],"class_list":{"0":"post-9384","1":"product","2":"type-product","3":"status-publish","4":"has-post-thumbnail","6":"product_cat-eletrodomesticos","8":"first","9":"instock","10":"sale","11":"shipping-taxable","12":"product-type-external"},"_links":{"self":[{"href":"https:\/\/www.vbdivulg.com\/index.php\/wp-json\/wp\/v2\/product\/9384","targetHints":{"allow":["GET"]}}],"collection":[{"href":"https:\/\/www.vbdivulg.com\/index.php\/wp-json\/wp\/v2\/product"}],"about":[{"href":"https:\/\/www.vbdivulg.com\/index.php\/wp-json\/wp\/v2\/types\/product"}],"replies":[{"embeddable":true,"href":"https:\/\/www.vbdivulg.com\/index.php\/wp-json\/wp\/v2\/comments?post=9384"}],"wp:featuredmedia":[{"embeddable":true,"href":"https:\/\/www.vbdivulg.com\/index.php\/wp-json\/wp\/v2\/media\/9385"}],"wp:attachment":[{"href":"https:\/\/www.vbdivulg.com\/index.php\/wp-json\/wp\/v2\/media?parent=9384"}],"curies":[{"name":"wp","href":"https:\/\/api.w.org\/{rel}","templated":true}]}}