{"id":9386,"date":"2024-01-02T16:54:01","date_gmt":"2024-01-02T19:54:01","guid":{"rendered":"https:\/\/www.vbdivulg.com\/?post_type=product&#038;p=9386"},"modified":"2024-01-02T16:54:01","modified_gmt":"2024-01-02T19:54:01","slug":"faber-castell-grifpen-caneta-marca-texto-tons-pastel-6-cores","status":"publish","type":"product","link":"https:\/\/www.vbdivulg.com\/index.php\/produto\/faber-castell-grifpen-caneta-marca-texto-tons-pastel-6-cores\/","title":{"rendered":"Faber-Castell Grifpen &#8211; Caneta Marca Texto, Tons Pastel, 6 Cores"},"content":{"rendered":"","protected":false},"excerpt":{"rendered":"<p><strong>Faber-Castell Grifpen &#8211; Caneta Marca Texto, Tons Pastel, 6 Cores<\/strong><\/p>\n<p><strong>\ud83d\udd25 Por: R$ 22,80 \u00e0 vista<\/strong><\/p>\n<p><strong>\ud83d\uddd3 Oferta v\u00e1lida para hoje, 02\/01\/2024, podendo encerrar a qualquer momento!!!<\/strong><\/p>\n<p><strong>\u2712\ufe0f Seja prime, primeiro m\u00eas \u00e9 gr\u00e1tis e pode cancelar quando quiser (inclusive no primeiro m\u00eas): <a href=\"https:\/\/amzn.to\/3xyV8G9\">https:\/\/amzn.to\/3xyV8G9<\/a><\/strong><\/p>\n","protected":false},"featured_media":9387,"comment_status":"open","ping_status":"closed","template":"","meta":[],"class_list":{"0":"post-9386","1":"product","2":"type-product","3":"status-publish","4":"has-post-thumbnail","6":"product_cat-material-escolar","8":"first","9":"instock","10":"sale","11":"shipping-taxable","12":"product-type-external"},"_links":{"self":[{"href":"https:\/\/www.vbdivulg.com\/index.php\/wp-json\/wp\/v2\/product\/9386","targetHints":{"allow":["GET"]}}],"collection":[{"href":"https:\/\/www.vbdivulg.com\/index.php\/wp-json\/wp\/v2\/product"}],"about":[{"href":"https:\/\/www.vbdivulg.com\/index.php\/wp-json\/wp\/v2\/types\/product"}],"replies":[{"embeddable":true,"href":"https:\/\/www.vbdivulg.com\/index.php\/wp-json\/wp\/v2\/comments?post=9386"}],"wp:featuredmedia":[{"embeddable":true,"href":"https:\/\/www.vbdivulg.com\/index.php\/wp-json\/wp\/v2\/media\/9387"}],"wp:attachment":[{"href":"https:\/\/www.vbdivulg.com\/index.php\/wp-json\/wp\/v2\/media?parent=9386"}],"curies":[{"name":"wp","href":"https:\/\/api.w.org\/{rel}","templated":true}]}}