{"id":9395,"date":"2024-01-26T10:43:44","date_gmt":"2024-01-26T13:43:44","guid":{"rendered":"https:\/\/www.vbdivulg.com\/?post_type=product&#038;p=9395"},"modified":"2024-01-26T10:44:24","modified_gmt":"2024-01-26T13:44:24","slug":"9395","status":"publish","type":"product","link":"https:\/\/www.vbdivulg.com\/index.php\/produto\/9395\/","title":{"rendered":"PHEBO &#8211; Deo Col\u00f4nia Alfazema Proven\u00e7al 200ml"},"content":{"rendered":"","protected":false},"excerpt":{"rendered":"<p><strong>PHEBO &#8211; Deo Col\u00f4nia Alfazema Proven\u00e7al 200ml<\/strong><\/p>\n<p><strong>\ud83d\udd25 Por: R$ 55,79 \u00e0 vista<\/strong><\/p>\n<p><strong>\ud83d\uddd3 Oferta v\u00e1lida para hoje, 26\/01\/2024, podendo encerrar a qualquer momento!!!<\/strong><\/p>\n<p><strong>\u2712\ufe0f Seja prime, primeiro m\u00eas \u00e9 gr\u00e1tis e pode cancelar quando quiser (inclusive no primeiro m\u00eas): <a href=\"https:\/\/amzn.to\/3xyV8G9\">https:\/\/amzn.to\/3xyV8G9<\/a><\/strong><\/p>\n","protected":false},"featured_media":9396,"comment_status":"open","ping_status":"closed","template":"","meta":[],"class_list":{"0":"post-9395","1":"product","2":"type-product","3":"status-publish","4":"has-post-thumbnail","6":"product_cat-perfumaria-2","8":"first","9":"instock","10":"sale","11":"shipping-taxable","12":"product-type-external"},"_links":{"self":[{"href":"https:\/\/www.vbdivulg.com\/index.php\/wp-json\/wp\/v2\/product\/9395","targetHints":{"allow":["GET"]}}],"collection":[{"href":"https:\/\/www.vbdivulg.com\/index.php\/wp-json\/wp\/v2\/product"}],"about":[{"href":"https:\/\/www.vbdivulg.com\/index.php\/wp-json\/wp\/v2\/types\/product"}],"replies":[{"embeddable":true,"href":"https:\/\/www.vbdivulg.com\/index.php\/wp-json\/wp\/v2\/comments?post=9395"}],"wp:featuredmedia":[{"embeddable":true,"href":"https:\/\/www.vbdivulg.com\/index.php\/wp-json\/wp\/v2\/media\/9396"}],"wp:attachment":[{"href":"https:\/\/www.vbdivulg.com\/index.php\/wp-json\/wp\/v2\/media?parent=9395"}],"curies":[{"name":"wp","href":"https:\/\/api.w.org\/{rel}","templated":true}]}}