{"id":9412,"date":"2025-08-14T13:07:17","date_gmt":"2025-08-14T16:07:17","guid":{"rendered":"https:\/\/www.vbdivulg.com\/?post_type=product&#038;p=9412"},"modified":"2025-08-14T13:07:17","modified_gmt":"2025-08-14T16:07:17","slug":"hisense-smart-tv-uhd-4k-dled-50-polegadas-50a6n-com-hdr10-dolby-vision-game-mode-controle-por-voz-alexa-built-in-airplay","status":"publish","type":"product","link":"https:\/\/www.vbdivulg.com\/index.php\/produto\/hisense-smart-tv-uhd-4k-dled-50-polegadas-50a6n-com-hdr10-dolby-vision-game-mode-controle-por-voz-alexa-built-in-airplay\/","title":{"rendered":"Hisense Smart TV UHD 4K DLED 50&#8243; Polegadas 50A6N com HDR10+ Dolby Vision Game Mode Controle por Voz Alexa Built-In AirPlay"},"content":{"rendered":"","protected":false},"excerpt":{"rendered":"<p><strong>BOA OPORTUNIDADE NA DLED 50&#8243; HISENSE \ud83d\udd1d<\/strong><\/p>\n<p><strong>Hisense Smart TV UHD 4K DLED 50&#8243; Polegadas 50A6N com HDR10+ Dolby Vision Game Mode Controle por Voz Alexa Built-In AirPlay<\/strong><\/p>\n<p><strong>\ud83d\udd25 R$ 1.799,00 via pix<\/strong><\/p>\n<p><strong>\ud83d\uded2 Compre aqui: <a href=\"https:\/\/amzn.to\/4oCcBsJ\">https:\/\/amzn.to\/4oCcBsJ<\/a><\/strong><\/p>\n<p><strong>\u26a0\ufe0f Oferta v\u00e1lida para hoje, 14\/08\/2025, podendo encerrar a qualquer momento!!!<\/strong><\/p>\n<p><strong>\u2712\ufe0f Seja prime, primeiro m\u00eas \u00e9 gr\u00e1tis e pode cancelar quando quiser (inclusive no primeiro m\u00eas): <a href=\"https:\/\/amzn.to\/3xyV8G9\">https:\/\/amzn.to\/3xyV8G9<\/a><\/strong><\/p>\n","protected":false},"featured_media":9413,"comment_status":"open","ping_status":"closed","template":"","meta":[],"class_list":{"0":"post-9412","1":"product","2":"type-product","3":"status-publish","4":"has-post-thumbnail","6":"product_cat-smart-tv","8":"first","9":"instock","10":"sale","11":"shipping-taxable","12":"purchasable","13":"product-type-simple"},"_links":{"self":[{"href":"https:\/\/www.vbdivulg.com\/index.php\/wp-json\/wp\/v2\/product\/9412","targetHints":{"allow":["GET"]}}],"collection":[{"href":"https:\/\/www.vbdivulg.com\/index.php\/wp-json\/wp\/v2\/product"}],"about":[{"href":"https:\/\/www.vbdivulg.com\/index.php\/wp-json\/wp\/v2\/types\/product"}],"replies":[{"embeddable":true,"href":"https:\/\/www.vbdivulg.com\/index.php\/wp-json\/wp\/v2\/comments?post=9412"}],"wp:featuredmedia":[{"embeddable":true,"href":"https:\/\/www.vbdivulg.com\/index.php\/wp-json\/wp\/v2\/media\/9413"}],"wp:attachment":[{"href":"https:\/\/www.vbdivulg.com\/index.php\/wp-json\/wp\/v2\/media?parent=9412"}],"curies":[{"name":"wp","href":"https:\/\/api.w.org\/{rel}","templated":true}]}}