{"id":9418,"date":"2025-08-14T14:05:36","date_gmt":"2025-08-14T17:05:36","guid":{"rendered":"https:\/\/www.vbdivulg.com\/?post_type=product&#038;p=9418"},"modified":"2025-08-14T14:05:36","modified_gmt":"2025-08-14T17:05:36","slug":"notebook-vaio-fe16-amd-ryzen-5-5625u-windows-11-home-32gb-ram-512gb-ssd-wi-fi-6-tela-16-ips-wuxga-antirreflexo-cinza","status":"publish","type":"product","link":"https:\/\/www.vbdivulg.com\/index.php\/produto\/notebook-vaio-fe16-amd-ryzen-5-5625u-windows-11-home-32gb-ram-512gb-ssd-wi-fi-6-tela-16-ips-wuxga-antirreflexo-cinza\/","title":{"rendered":"Notebook VAIO FE16 AMD Ryzen 5-5625U Windows 11 Home 32GB RAM 512GB SSD Wi-Fi 6 Tela 16&#8221; IPS WUXGA Antirreflexo &#8211; Cinza"},"content":{"rendered":"","protected":false},"excerpt":{"rendered":"<p><strong>Notebook VAIO FE16 AMD Ryzen 5-5625U Windows 11 Home 32GB RAM 512GB SSD Wi-Fi 6 Tela 16&#8221; IPS WUXGA Antirreflexo &#8211; Cinza<\/strong><\/p>\n<p><strong>\ud83d\udd25 R$ 3.194,10 \u00e0 vista no Pix<\/strong><\/p>\n<p><strong>\ud83d\uded2 Compre aqui: <a href=\"https:\/\/amzn.to\/46T3FJb\">https:\/\/amzn.to\/46T3FJb<\/a><\/strong><\/p>\n<p><strong>\u26a0\ufe0f Oferta v\u00e1lida para hoje, 14\/08\/2025, podendo encerrar a qualquer momento!!!<\/strong><\/p>\n<p><strong>\u2712\ufe0f Seja prime, primeiro m\u00eas \u00e9 gr\u00e1tis e pode cancelar quando quiser (inclusive no primeiro m\u00eas): <a href=\"https:\/\/amzn.to\/3xyV8G9\">https:\/\/amzn.to\/3xyV8G9<\/a><\/strong><\/p>\n","protected":false},"featured_media":9419,"comment_status":"open","ping_status":"closed","template":"","meta":[],"class_list":{"0":"post-9418","1":"product","2":"type-product","3":"status-publish","4":"has-post-thumbnail","6":"product_cat-informatica","8":"first","9":"instock","10":"sale","11":"shipping-taxable","12":"purchasable","13":"product-type-simple"},"_links":{"self":[{"href":"https:\/\/www.vbdivulg.com\/index.php\/wp-json\/wp\/v2\/product\/9418","targetHints":{"allow":["GET"]}}],"collection":[{"href":"https:\/\/www.vbdivulg.com\/index.php\/wp-json\/wp\/v2\/product"}],"about":[{"href":"https:\/\/www.vbdivulg.com\/index.php\/wp-json\/wp\/v2\/types\/product"}],"replies":[{"embeddable":true,"href":"https:\/\/www.vbdivulg.com\/index.php\/wp-json\/wp\/v2\/comments?post=9418"}],"wp:featuredmedia":[{"embeddable":true,"href":"https:\/\/www.vbdivulg.com\/index.php\/wp-json\/wp\/v2\/media\/9419"}],"wp:attachment":[{"href":"https:\/\/www.vbdivulg.com\/index.php\/wp-json\/wp\/v2\/media?parent=9418"}],"curies":[{"name":"wp","href":"https:\/\/api.w.org\/{rel}","templated":true}]}}